{"id":55002,"date":"2025-05-27T17:51:38","date_gmt":"2025-05-27T15:51:38","guid":{"rendered":"https:\/\/jst.es\/industria-aplicacions\/"},"modified":"2026-01-28T10:26:47","modified_gmt":"2026-01-28T09:26:47","slug":"industria-aplicacions","status":"publish","type":"page","link":"https:\/\/jst.es\/ca\/industria-aplicacions\/","title":{"rendered":"Ind\u00fastria &amp; Aplicacions"},"content":{"rendered":"\t\t<div data-elementor-type=\"wp-page\" data-elementor-id=\"55002\" class=\"elementor elementor-55002 elementor-664\" data-elementor-post-type=\"page\">\n\t\t\t\t\t\t<section class=\"elementor-section elementor-top-section elementor-element elementor-element-d5992eb elementor-section-boxed elementor-section-height-default elementor-section-height-default\" data-id=\"d5992eb\" data-element_type=\"section\" data-e-type=\"section\" data-settings=\"{&quot;background_background&quot;:&quot;classic&quot;}\">\n\t\t\t\t\t\t<div class=\"elementor-container elementor-column-gap-default\">\n\t\t\t\t\t<div class=\"elementor-column elementor-col-100 elementor-top-column elementor-element elementor-element-e150232\" data-id=\"e150232\" data-element_type=\"column\" data-e-type=\"column\">\n\t\t\t<div class=\"elementor-widget-wrap elementor-element-populated\">\n\t\t\t\t\t\t<section class=\"elementor-section elementor-inner-section elementor-element elementor-element-2ae4823 elementor-section-boxed elementor-section-height-default elementor-section-height-default\" data-id=\"2ae4823\" data-element_type=\"section\" data-e-type=\"section\">\n\t\t\t\t\t\t<div class=\"elementor-container elementor-column-gap-default\">\n\t\t\t\t\t<div class=\"elementor-column elementor-col-100 elementor-inner-column elementor-element elementor-element-8ea2497\" data-id=\"8ea2497\" data-element_type=\"column\" data-e-type=\"column\">\n\t\t\t<div class=\"elementor-widget-wrap elementor-element-populated\">\n\t\t\t\t\t\t<div class=\"elementor-element elementor-element-f666726 elementor-widget elementor-widget-text-editor\" data-id=\"f666726\" data-element_type=\"widget\" data-e-type=\"widget\" data-widget_type=\"text-editor.default\">\n\t\t\t\t<div class=\"elementor-widget-container\">\n\t\t\t\t\t\t\t\t\t<p><strong><span style=\"color: #00853e;\">Japanese Solderless Terminal, JST,<\/span><\/strong> ent\u00e9n que cada projecte \u00e9s \u00fanic. Per aix\u00f2, els seus connectors estan dissenyats per adaptar-se a diverses aplicacions a la ind\u00fastria el\u00e8ctrica i electr\u00f2nica. Gr\u00e0cies a la seva versatilitat i fiabilitat, JST ha estat l&#8217;elecci\u00f3 preferida en sectors com ara el metge o l&#8217;industrial, contribuint a impulsar la innovaci\u00f3 i el rendiment t\u00e8cnic. <\/p>\t\t\t\t\t\t\t\t<\/div>\n\t\t\t\t<\/div>\n\t\t\t\t\t<\/div>\n\t\t<\/div>\n\t\t\t\t\t<\/div>\n\t\t<\/section>\n\t\t\t\t\t<\/div>\n\t\t<\/div>\n\t\t\t\t\t<\/div>\n\t\t<\/section>\n\t\t\t\t<section class=\"elementor-section elementor-top-section elementor-element elementor-element-4a50c1b elementor-section-boxed elementor-section-height-default elementor-section-height-default\" data-id=\"4a50c1b\" data-element_type=\"section\" data-e-type=\"section\" data-settings=\"{&quot;background_background&quot;:&quot;classic&quot;}\">\n\t\t\t\t\t\t<div class=\"elementor-container elementor-column-gap-default\">\n\t\t\t\t\t<div class=\"elementor-column elementor-col-50 elementor-top-column elementor-element elementor-element-32f2418\" data-id=\"32f2418\" data-element_type=\"column\" data-e-type=\"column\">\n\t\t\t<div class=\"elementor-widget-wrap elementor-element-populated\">\n\t\t\t\t\t\t<div class=\"elementor-element elementor-element-ed8efa2 elementor-widget elementor-widget-html\" data-id=\"ed8efa2\" data-element_type=\"widget\" data-e-type=\"widget\" data-widget_type=\"html.default\">\n\t\t\t\t<div class=\"elementor-widget-container\">\n\t\t\t\t\t<!-- Men\u00fa de pesta\u00f1as lateral -->\n<div id=\"tabsMenu\">\n\n  <!-- Bot\u00f3n activo por defecto: Automoci\u00f3n -->\n  <button class=\"tab-button active\" data-tab=\"automocion\">Automoci\u00f3<\/button>\n\n <!-- Bot\u00f3n: Equipos recreativos -->\n <button class=\"tab-button\" data-tab=\"recreativos\">Equips recreatius<\/button>\n\n <!-- Bot\u00f3n: A \/ V Equipment -->\n <button class=\"tab-button\" data-tab=\"av\">A\/V \u2013 Equips audiovisuals<\/button>\n\n<\/div>\n\n<!-- Bot\u00f3n: Sistemas de Informaci\u00f3n y Comunicaci\u00f3n -->\n<button class=\"tab-button\" data-tab=\"comunicacion\">Sistemes d'informaci\u00f3 <br>i Comunicaci\u00f3<\/button>\n\n<!-- Bot\u00f3n: Sistemas de tr\u00e1fico y electr\u00f3nica pesada -->\n<button class=\"tab-button\" data-tab=\"trafico\">Sistemes de tr\u00e0nsit i electr\u00f2nica <br>pesada<\/button>\n\n<!-- Bot\u00f3n: Electrodom\u00e9sticos -->\n<button class=\"tab-button\" data-tab=\"electrodomesticos\">Electrodom\u00e8stics<\/button>\n\n<!-- Bot\u00f3n: Equipos industriales -->\n<button class=\"tab-button\" data-tab=\"industriales\">Equips industrials<\/button>\n\t\t\t\t<\/div>\n\t\t\t\t<\/div>\n\t\t\t\t\t<\/div>\n\t\t<\/div>\n\t\t\t\t<div class=\"elementor-column elementor-col-50 elementor-top-column elementor-element elementor-element-3b049d6\" data-id=\"3b049d6\" data-element_type=\"column\" data-e-type=\"column\">\n\t\t\t<div class=\"elementor-widget-wrap elementor-element-populated\">\n\t\t\t\t\t\t<div class=\"elementor-element elementor-element-84eb6f8 elementor-widget elementor-widget-html\" data-id=\"84eb6f8\" data-element_type=\"widget\" data-e-type=\"widget\" data-widget_type=\"html.default\">\n\t\t\t\t<div class=\"elementor-widget-container\">\n\t\t\t\t\t<!-- Pesta\u00f1a: Automoci\u00f3n (activa por defecto) -->\n<div class=\"tab-content active\" id=\"automocion\">\n  <div class=\"contenido-pestana\" style=\"display: flex; gap: 0; flex-wrap: nowrap; align-items: stretch;\">\n    \n    <!-- Imagen Automoci\u00f3n -->\n    <div style=\"flex: 0 0 400px; height:420px;\">\n      <img decoding=\"async\" src=\"https:\/\/maensystems.net\/jst\/wp-content\/uploads\/2025\/06\/automobile.webp\" alt=\"Fars de cotxe\" style=\"width: 100%; height: 100%; object-fit: cover; border-radius: 8px 0 0 8px; display: block;\">\n    <\/div>\n\n    <!-- Texto Automoci\u00f3n -->\n    <div style=\"flex: 1; padding: 30px;\">\n      <h2>Automoci\u00f3<\/h2>\n      <p>Des d\u2019airbags i fars fins a bobines d\u2019encesa i m\u00f2duls de control, els nostres connectors s\u00f3n presents en gaireb\u00e9 tots els sistemes de l\u2019autom\u00f2bil.<\/p>\n      <ul>\n        <li>Fars: CPT<\/li>\n        <li>Inversor: CPT, CPI, MEC<\/li>\n        <li>Interruptors de panell: HCM, AIT2<\/li>\n        <li>Bobina d'encesa: NFG<\/li>\n        <li>Frens ABS: ASG<\/li>\n        <li>Bateria: SPH2<\/li>\n        <li>Airbag: HIC, SNA, SAB, SQS, SQH, SQM, SQF<\/li>\n      <\/ul>\n    <\/div>\n\n  <\/div>\n<\/div>\n\n<!-- Pesta\u00f1a: Equipos recreativos -->\n<div class=\"tab-content\" id=\"recreativos\">\n  <div class=\"contenido-pestana\" style=\"display: flex; gap: 0; flex-wrap: nowrap; align-items: stretch;\">\n    \n    <!-- Imagen Recreativos -->\n    <div style=\"flex: 0 0 400px; height:420px;\">\n      <img decoding=\"async\" src=\"https:\/\/maensystems.net\/jst\/wp-content\/uploads\/2025\/06\/slots.webp\" alt=\"M\u00e0quina recreativa tipus pachinko\" style=\"width: 100%; height: 100%; object-fit: cover; border-radius: 8px 0 0 8px; display: block;\">\n    <\/div>\n\n    <!-- Texto Recreativos -->\n    <div style=\"flex: 1; padding: 30px;\">\n      <h2>Equips recreatius<\/h2>\n      <p>Origin\u00e0ries del Jap\u00f3, les m\u00e0quines *pachinko* s\u00f3n un cl\u00e0ssic als salons recreatius i casinos. Descobreix com els connectors JST fan possible l\u2019entreteniment: <\/p>\n      <ul>\n        <li>Unitat de pantalla LCD: SHL, FHY, FHH, FCH<\/li>\n        <li>Placa de control principal \/ de pagament: ZE, PA, PUD, PND, PNI, XA, JQ, UB, DSH<\/li>\n        <li>Unitat CR: ZE, PA, Dsub<\/li>\n        <li>Unitat d'altaveus: PS, terminal Tab-on<\/li>\n        <li>Placa superficial (connexi\u00f3 amb xass\u00eds): PUD, JFA, RTZ, TSF<\/li>\n        <li>Unitat d'alimentaci\u00f3: PUD, XH, VH, VL, JFA, terminal d'anell<\/li>\n      <\/ul>\n    <\/div>\n\n  <\/div>\n<\/div>\n\n<!-- Pesta\u00f1a: A \/ V Equipment -->\n<div class=\"tab-content\" id=\"av\">\n  <div class=\"contenido-pestana\" style=\"display: flex; gap: 0; flex-wrap: nowrap; align-items: stretch;\">\n    \n    <!-- Imagen A\/V -->\n    <div style=\"flex: 0 0 400px; height:420px;\">\n      <img decoding=\"async\" src=\"https:\/\/maensystems.net\/jst\/wp-content\/uploads\/2025\/06\/equipamiento-audiovisual.webp\" alt=\"Equipament audiovisual amb altaveu i pantalla\" style=\"width: 100%; height: 100%; object-fit: cover; border-radius: 8px 0 0 8px; display: block;\">\n    <\/div>\n\n    <!-- Texto A\/V -->\n    <div style=\"flex: 1; padding: 30px;\">\n      <h2>A\/V \u2013 Equips audiovisuals<\/h2>\n      <p>Des de sensors d'imatge i lents a c\u00e0meres digitals fins a inversors de retroil\u00b7luminaci\u00f3 i plaques de control a televisors, els connectors JST tenen un paper clau en una \u00e0mplia varietat d'equips audiovisuals. A continuaci\u00f3, alguns dels elements on s'utilitzen: <\/p>\n      <ul>\n        <li>Televisor LCD<\/li>\n        <li>Placa d'alimentaci\u00f3: PA, VH, NV, VYH, VA, VT<\/li>\n        <li>Inversor de retroil\u00b7luminaci\u00f3: BD, BDE<\/li>\n        <li>Placa de control: GVH, GH, GHD, ZE, PNI, SCV<\/li>\n        <li>Driver LCD: SHLV, SHL, SHLD, GH<\/li>\n      <\/ul>\n    <\/div>\n\n  <\/div>\n<\/div>\n\n<!-- Pesta\u00f1a: Sistemas de Informaci\u00f3n y Comunicaci\u00f3n -->\n<div class=\"tab-content\" id=\"comunicacion\">\n  <div class=\"contenido-pestana\" style=\"display: flex; gap: 0; flex-wrap: nowrap; align-items: stretch;\">\n    \n    <!-- Imagen de port\u00e1til -->\n    <div style=\"flex: 0 0 400px;\">\n      <img decoding=\"async\" src=\"https:\/\/maensystems.net\/jst\/wp-content\/uploads\/2025\/06\/portatil.webp\" alt=\"Persona usant port\u00e0til en una oficina\" style=\"width: 100%; height: 100%; object-fit: cover; border-radius: 8px 0 0 8px; display: block;\">\n    <\/div>\n\n    <!-- Texto y listado -->\n    <div style=\"flex: 1; padding: 30px;\">\n      <h2>Sistemes d'informaci\u00f3 i comunicaci\u00f3<\/h2>\n      <p>Disposar de tecnologia capdavantera en equips d\u2019informaci\u00f3 i comunicaci\u00f3 \u00e9s essencial en el m\u00f3n actual. Per aix\u00f2, moltes companyies confien en els connectors JST per alimentar dispositius com ordinadors port\u00e0tils i tel\u00e8fons intel\u00b7ligents. Alguns dels seus usos inclouen:  <\/p>\n      <ul>\n        <li>Ranura per a targeta SIM: SCUL, SCYT, SCZT<\/li>\n        <li>Ranura per a targeta micro SD: SDHL, SDHR, SDHK, SDH<\/li>\n        <li>Connector d'auriculars: EP<\/li>\n        <li>Interf\u00edcie per a micro USB: UB<\/li>\n        <li>Connector FPC a placa: JAK, JAT<\/li>\n      <\/ul>\n    <\/div>\n\n  <\/div>\n<\/div>\n\n\n<!-- Pesta\u00f1a: Sistemas de tr\u00e1fico y electr\u00f3nica pesada -->\n<div class=\"tab-content\" id=\"trafico\">\n  <div class=\"contenido-pestana\" style=\"display: flex; gap: 0; flex-wrap: nowrap; align-items: stretch;\">\n    \n    <!-- Imagen de tren o v\u00eda ferroviaria -->\n    <div style=\"flex: 0 0 400px;\">\n      <img decoding=\"async\" src=\"https:\/\/maensystems.net\/jst\/wp-content\/uploads\/2025\/06\/railway.webp\" alt=\"Tren sobre vies elevades\" style=\"width: 100%; height: 100%; object-fit: cover; border-radius: 8px 0 0 8px; display: block;\">\n    <\/div>\n\n    <!-- Contenido textual -->\n    <div style=\"flex: 1; padding: 30px;\">\n      <h2>Sistemes de tr\u00e0nsit i electr\u00f2nica pesada<\/h2>\n      <p>Els connectors JST s\u2019utilitzen en sistemes de tr\u00e0nsit i electr\u00f2nica pesada, com ara vehicles ferroviaris i equips de gesti\u00f3 en estacions de transport. Per exemple, en un torn autom\u00e0tic es poden trobar: <\/p>\n      <ul>\n        <li>Placa de control de targeta IC: SR<\/li>\n        <li>Placa d'alimentaci\u00f3: VH, JFA<\/li>\n        <li>Placa de control: ZR, PH, PHD, PA, PNI, XA, XAD, UB<\/li>\n      <\/ul>\n    <\/div>\n\n  <\/div>\n<\/div>\n\n<!-- Pesta\u00f1a: Electrodom\u00e9sticos -->\n<div class=\"tab-content\" id=\"electrodomesticos\">\n  <div class=\"contenido-pestana\" style=\"display: flex; gap: 0; flex-wrap: nowrap; align-items: stretch;\">\n    \n    <!-- Imagen de cocina con electrodom\u00e9sticos -->\n    <div style=\"flex: 0 0 400px;\">\n      <img decoding=\"async\" src=\"https:\/\/maensystems.net\/jst\/wp-content\/uploads\/2025\/06\/electrodomesticos.webp\" alt=\"Electrodom\u00e8stics de cuina\" style=\"width: 100%; height: 100%; object-fit: cover; border-radius: 8px 0 0 8px; display: block;\">\n    <\/div>\n\n    <!-- Contenido textual -->\n    <div style=\"flex: 1; padding: 30px;\">\n      <h2>Electrodom\u00e8stics<\/h2>\n      <p>Les peces innovadores que desenvolupem i fabriquem s\u2019utilitzen \u00e0mpliament en la ind\u00fastria dels electrodom\u00e8stics. Les plaques de control dels seg\u00fcents aparells solen incorporar connectors JST: <\/p>\n      <ul>\n        <li>Escalfador d'aigua: XA, VH, PA, XA, XH, PS, terminal sense soldadura<\/li>\n        <li>Rentadora: VH, XL<\/li>\n        <li>Frigor\u00edfic: VH, ZPD, XNI, XA<\/li>\n        <li>Aire condicionat: GH, PA, XA, PH, GH<\/li>\n      <\/ul>\n    <\/div>\n\n  <\/div>\n<\/div>\n\n<!-- Pesta\u00f1a: Equipos industriales -->\n<div class=\"tab-content\" id=\"industriales\">\n  <div class=\"contenido-pestana\" style=\"display: flex; gap: 0; flex-wrap: nowrap; align-items: stretch;\">\n    \n    <!-- Imagen del entorno industrial -->\n    <div style=\"flex: 0 0 400px;\">\n      <img decoding=\"async\" src=\"https:\/\/maensystems.net\/jst\/wp-content\/uploads\/2025\/06\/circuit.webp\" alt=\"Operari a f\u00e0brica amb bra\u00e7 rob\u00f2tic\" style=\"width: 100%; height: 100%; object-fit: cover; border-radius: 8px 0 0 8px; display: block;\">\n    <\/div>\n\n    <!-- Contenido textual -->\n    <div style=\"flex: 1; padding: 30px;\">\n      <h2>Equips industrials<\/h2>\n      <p>Els amplificadors de servo s\u2019utilitzen en equips industrials per transmetre senyals el\u00e8ctrics i controlar el moviment. Els connectors JST seg\u00fcents s\u2019utilitzen habitualment en aquests sistemes: <\/p>\n      <ul>\n        <li>Comunicaci\u00f3 amb PC: UB (Mini USB)<\/li>\n        <li>Senyal d'entrada\/sortida: MS<\/li>\n        <li>Circuit de seguretat: CIF<\/li>\n        <li>Connexi\u00f3 de bateria: PA<\/li>\n        <li>Codificador del motor: XV<\/li>\n        <li>Connexi\u00f3 entre plaques: JYR<\/li>\n        <li>Sistema d'alimentaci\u00f3: JFA (J-FAT-S-H)<\/li>\n      <\/ul>\n    <\/div>\n\n  <\/div>\n<\/div>\n\t\t\t\t<\/div>\n\t\t\t\t<\/div>\n\t\t\t\t\t<\/div>\n\t\t<\/div>\n\t\t\t\t\t<\/div>\n\t\t<\/section>\n\t\t\t\t<section class=\"elementor-section elementor-top-section elementor-element elementor-element-347ea06 elementor-section-boxed elementor-section-height-default elementor-section-height-default\" data-id=\"347ea06\" data-element_type=\"section\" data-e-type=\"section\">\n\t\t\t\t\t\t<div class=\"elementor-container elementor-column-gap-default\">\n\t\t\t\t\t<div class=\"elementor-column elementor-col-100 elementor-top-column elementor-element elementor-element-624ddba\" data-id=\"624ddba\" data-element_type=\"column\" data-e-type=\"column\">\n\t\t\t<div class=\"elementor-widget-wrap elementor-element-populated\">\n\t\t\t\t\t\t<div class=\"elementor-element elementor-element-911aa9e elementor-widget elementor-widget-html\" data-id=\"911aa9e\" data-element_type=\"widget\" data-e-type=\"widget\" data-widget_type=\"html.default\">\n\t\t\t\t<div class=\"elementor-widget-container\">\n\t\t\t\t\t<script>document.querySelectorAll('.tab-button').forEach(button => {\n    button.addEventListener('click', () => {\n      const tabId = button.getAttribute('data-tab');\n\n      document.querySelectorAll('.tab-button').forEach(btn => btn.classList.remove('active'));\n      document.querySelectorAll('.tab-content').forEach(content => content.classList.remove('active'));\n\n      button.classList.add('active');\n      document.getElementById(tabId).classList.add('active');\n    });\n  });\n<\/script>\t\t\t\t<\/div>\n\t\t\t\t<\/div>\n\t\t\t\t\t<\/div>\n\t\t<\/div>\n\t\t\t\t\t<\/div>\n\t\t<\/section>\n\t\t\t\t<\/div>\n\t\t","protected":false},"excerpt":{"rendered":"<p>Japanese Solderless Terminal, JST, ent\u00e9n que cada projecte \u00e9s \u00fanic. Per aix\u00f2, els seus connectors estan dissenyats per adaptar-se a diverses aplicacions a la ind\u00fastria el\u00e8ctrica i electr\u00f2nica. Gr\u00e0cies a la seva versatilitat i fiabilitat, JST ha estat l&#8217;elecci\u00f3 preferida en sectors com ara el metge o l&#8217;industrial, contribuint a impulsar la innovaci\u00f3 i el [&hellip;]<\/p>\n","protected":false},"author":1,"featured_media":0,"parent":0,"menu_order":0,"comment_status":"closed","ping_status":"closed","template":"elementor_header_footer","meta":{"_acf_changed":false,"footnotes":""},"class_list":["post-55002","page","type-page","status-publish","hentry"],"acf":[],"yoast_head":"<!-- This site is optimized with the Yoast SEO plugin v27.2 - https:\/\/yoast.com\/product\/yoast-seo-wordpress\/ -->\n<title>Ind\u00fastria &amp; Aplicacions - JST<\/title>\n<meta name=\"robots\" content=\"index, follow, max-snippet:-1, max-image-preview:large, max-video-preview:-1\" \/>\n<link rel=\"canonical\" href=\"https:\/\/jst.es\/ca\/industria-aplicacions\/\" \/>\n<meta property=\"og:locale\" content=\"en_US\" \/>\n<meta property=\"og:type\" content=\"article\" \/>\n<meta property=\"og:title\" content=\"Ind\u00fastria &amp; Aplicacions - JST\" \/>\n<meta property=\"og:description\" content=\"Japanese Solderless Terminal, JST, ent\u00e9n que cada projecte \u00e9s \u00fanic. Per aix\u00f2, els seus connectors estan dissenyats per adaptar-se a diverses aplicacions a la ind\u00fastria el\u00e8ctrica i electr\u00f2nica. Gr\u00e0cies a la seva versatilitat i fiabilitat, JST ha estat l&#8217;elecci\u00f3 preferida en sectors com ara el metge o l&#8217;industrial, contribuint a impulsar la innovaci\u00f3 i el [&hellip;]\" \/>\n<meta property=\"og:url\" content=\"https:\/\/jst.es\/ca\/industria-aplicacions\/\" \/>\n<meta property=\"og:site_name\" content=\"JST\" \/>\n<meta property=\"article:modified_time\" content=\"2026-01-28T09:26:47+00:00\" \/>\n<meta property=\"og:image\" content=\"https:\/\/maensystems.net\/jst\/wp-content\/uploads\/2025\/06\/automobile.webp\" \/>\n<meta name=\"twitter:card\" content=\"summary_large_image\" \/>\n<meta name=\"twitter:label1\" content=\"Est. reading time\" \/>\n\t<meta name=\"twitter:data1\" content=\"3 minutes\" \/>\n<script type=\"application\/ld+json\" class=\"yoast-schema-graph\">{\"@context\":\"https:\/\/schema.org\",\"@graph\":[{\"@type\":\"WebPage\",\"@id\":\"https:\/\/jst.es\/ca\/industria-aplicacions\/\",\"url\":\"https:\/\/jst.es\/ca\/industria-aplicacions\/\",\"name\":\"Ind\u00fastria &amp; Aplicacions - JST\",\"isPartOf\":{\"@id\":\"https:\/\/jst.es\/#website\"},\"primaryImageOfPage\":{\"@id\":\"https:\/\/jst.es\/ca\/industria-aplicacions\/#primaryimage\"},\"image\":{\"@id\":\"https:\/\/jst.es\/ca\/industria-aplicacions\/#primaryimage\"},\"thumbnailUrl\":\"https:\/\/maensystems.net\/jst\/wp-content\/uploads\/2025\/06\/automobile.webp\",\"datePublished\":\"2025-05-27T15:51:38+00:00\",\"dateModified\":\"2026-01-28T09:26:47+00:00\",\"breadcrumb\":{\"@id\":\"https:\/\/jst.es\/ca\/industria-aplicacions\/#breadcrumb\"},\"inLanguage\":\"ca-CA\",\"potentialAction\":[{\"@type\":\"ReadAction\",\"target\":[\"https:\/\/jst.es\/ca\/industria-aplicacions\/\"]}]},{\"@type\":\"ImageObject\",\"inLanguage\":\"ca-CA\",\"@id\":\"https:\/\/jst.es\/ca\/industria-aplicacions\/#primaryimage\",\"url\":\"https:\/\/maensystems.net\/jst\/wp-content\/uploads\/2025\/06\/automobile.webp\",\"contentUrl\":\"https:\/\/maensystems.net\/jst\/wp-content\/uploads\/2025\/06\/automobile.webp\"},{\"@type\":\"BreadcrumbList\",\"@id\":\"https:\/\/jst.es\/ca\/industria-aplicacions\/#breadcrumb\",\"itemListElement\":[{\"@type\":\"ListItem\",\"position\":1,\"name\":\"Portada\",\"item\":\"https:\/\/jst.es\/ca\/inici\/\"},{\"@type\":\"ListItem\",\"position\":2,\"name\":\"Ind\u00fastria &amp; Aplicacions\"}]},{\"@type\":\"WebSite\",\"@id\":\"https:\/\/jst.es\/#website\",\"url\":\"https:\/\/jst.es\/\",\"name\":\"JST\",\"description\":\"Soluciones tecnol\u00f3gicas a medida\",\"publisher\":{\"@id\":\"https:\/\/jst.es\/#organization\"},\"potentialAction\":[{\"@type\":\"SearchAction\",\"target\":{\"@type\":\"EntryPoint\",\"urlTemplate\":\"https:\/\/jst.es\/?s={search_term_string}\"},\"query-input\":{\"@type\":\"PropertyValueSpecification\",\"valueRequired\":true,\"valueName\":\"search_term_string\"}}],\"inLanguage\":\"ca-CA\"},{\"@type\":\"Organization\",\"@id\":\"https:\/\/jst.es\/#organization\",\"name\":\"JST\",\"url\":\"https:\/\/jst.es\/\",\"logo\":{\"@type\":\"ImageObject\",\"inLanguage\":\"ca-CA\",\"@id\":\"https:\/\/jst.es\/#\/schema\/logo\/image\/\",\"url\":\"https:\/\/jst.es\/wp-content\/uploads\/2025\/05\/logo-jst.png\",\"contentUrl\":\"https:\/\/jst.es\/wp-content\/uploads\/2025\/05\/logo-jst.png\",\"width\":250,\"height\":77,\"caption\":\"JST\"},\"image\":{\"@id\":\"https:\/\/jst.es\/#\/schema\/logo\/image\/\"}}]}<\/script>\n<!-- \/ Yoast SEO plugin. -->","yoast_head_json":{"title":"Ind\u00fastria &amp; Aplicacions - JST","robots":{"index":"index","follow":"follow","max-snippet":"max-snippet:-1","max-image-preview":"max-image-preview:large","max-video-preview":"max-video-preview:-1"},"canonical":"https:\/\/jst.es\/ca\/industria-aplicacions\/","og_locale":"en_US","og_type":"article","og_title":"Ind\u00fastria &amp; Aplicacions - JST","og_description":"Japanese Solderless Terminal, JST, ent\u00e9n que cada projecte \u00e9s \u00fanic. Per aix\u00f2, els seus connectors estan dissenyats per adaptar-se a diverses aplicacions a la ind\u00fastria el\u00e8ctrica i electr\u00f2nica. Gr\u00e0cies a la seva versatilitat i fiabilitat, JST ha estat l&#8217;elecci\u00f3 preferida en sectors com ara el metge o l&#8217;industrial, contribuint a impulsar la innovaci\u00f3 i el [&hellip;]","og_url":"https:\/\/jst.es\/ca\/industria-aplicacions\/","og_site_name":"JST","article_modified_time":"2026-01-28T09:26:47+00:00","og_image":[{"url":"https:\/\/maensystems.net\/jst\/wp-content\/uploads\/2025\/06\/automobile.webp","type":"","width":"","height":""}],"twitter_card":"summary_large_image","twitter_misc":{"Est. reading time":"3 minutes"},"schema":{"@context":"https:\/\/schema.org","@graph":[{"@type":"WebPage","@id":"https:\/\/jst.es\/ca\/industria-aplicacions\/","url":"https:\/\/jst.es\/ca\/industria-aplicacions\/","name":"Ind\u00fastria &amp; Aplicacions - JST","isPartOf":{"@id":"https:\/\/jst.es\/#website"},"primaryImageOfPage":{"@id":"https:\/\/jst.es\/ca\/industria-aplicacions\/#primaryimage"},"image":{"@id":"https:\/\/jst.es\/ca\/industria-aplicacions\/#primaryimage"},"thumbnailUrl":"https:\/\/maensystems.net\/jst\/wp-content\/uploads\/2025\/06\/automobile.webp","datePublished":"2025-05-27T15:51:38+00:00","dateModified":"2026-01-28T09:26:47+00:00","breadcrumb":{"@id":"https:\/\/jst.es\/ca\/industria-aplicacions\/#breadcrumb"},"inLanguage":"ca-CA","potentialAction":[{"@type":"ReadAction","target":["https:\/\/jst.es\/ca\/industria-aplicacions\/"]}]},{"@type":"ImageObject","inLanguage":"ca-CA","@id":"https:\/\/jst.es\/ca\/industria-aplicacions\/#primaryimage","url":"https:\/\/maensystems.net\/jst\/wp-content\/uploads\/2025\/06\/automobile.webp","contentUrl":"https:\/\/maensystems.net\/jst\/wp-content\/uploads\/2025\/06\/automobile.webp"},{"@type":"BreadcrumbList","@id":"https:\/\/jst.es\/ca\/industria-aplicacions\/#breadcrumb","itemListElement":[{"@type":"ListItem","position":1,"name":"Portada","item":"https:\/\/jst.es\/ca\/inici\/"},{"@type":"ListItem","position":2,"name":"Ind\u00fastria &amp; Aplicacions"}]},{"@type":"WebSite","@id":"https:\/\/jst.es\/#website","url":"https:\/\/jst.es\/","name":"JST","description":"Soluciones tecnol\u00f3gicas a medida","publisher":{"@id":"https:\/\/jst.es\/#organization"},"potentialAction":[{"@type":"SearchAction","target":{"@type":"EntryPoint","urlTemplate":"https:\/\/jst.es\/?s={search_term_string}"},"query-input":{"@type":"PropertyValueSpecification","valueRequired":true,"valueName":"search_term_string"}}],"inLanguage":"ca-CA"},{"@type":"Organization","@id":"https:\/\/jst.es\/#organization","name":"JST","url":"https:\/\/jst.es\/","logo":{"@type":"ImageObject","inLanguage":"ca-CA","@id":"https:\/\/jst.es\/#\/schema\/logo\/image\/","url":"https:\/\/jst.es\/wp-content\/uploads\/2025\/05\/logo-jst.png","contentUrl":"https:\/\/jst.es\/wp-content\/uploads\/2025\/05\/logo-jst.png","width":250,"height":77,"caption":"JST"},"image":{"@id":"https:\/\/jst.es\/#\/schema\/logo\/image\/"}}]}},"_links":{"self":[{"href":"https:\/\/jst.es\/ca\/wp-json\/wp\/v2\/pages\/55002","targetHints":{"allow":["GET"]}}],"collection":[{"href":"https:\/\/jst.es\/ca\/wp-json\/wp\/v2\/pages"}],"about":[{"href":"https:\/\/jst.es\/ca\/wp-json\/wp\/v2\/types\/page"}],"author":[{"embeddable":true,"href":"https:\/\/jst.es\/ca\/wp-json\/wp\/v2\/users\/1"}],"replies":[{"embeddable":true,"href":"https:\/\/jst.es\/ca\/wp-json\/wp\/v2\/comments?post=55002"}],"version-history":[{"count":1,"href":"https:\/\/jst.es\/ca\/wp-json\/wp\/v2\/pages\/55002\/revisions"}],"predecessor-version":[{"id":55004,"href":"https:\/\/jst.es\/ca\/wp-json\/wp\/v2\/pages\/55002\/revisions\/55004"}],"wp:attachment":[{"href":"https:\/\/jst.es\/ca\/wp-json\/wp\/v2\/media?parent=55002"}],"curies":[{"name":"wp","href":"https:\/\/api.w.org\/{rel}","templated":true}]}}