{"id":6214,"date":"2025-06-10T16:44:29","date_gmt":"2025-06-10T14:44:29","guid":{"rendered":"https:\/\/jst.es\/eines\/"},"modified":"2026-01-28T09:59:27","modified_gmt":"2026-01-28T08:59:27","slug":"eines","status":"publish","type":"page","link":"https:\/\/jst.es\/ca\/eines\/","title":{"rendered":"Eines"},"content":{"rendered":"\t\t<div data-elementor-type=\"wp-page\" data-elementor-id=\"6214\" class=\"elementor elementor-6214 elementor-3490\" data-elementor-post-type=\"page\">\n\t\t\t\t\t\t<section class=\"elementor-section elementor-top-section elementor-element elementor-element-245288a elementor-section-boxed elementor-section-height-default elementor-section-height-default\" data-id=\"245288a\" data-element_type=\"section\" data-e-type=\"section\" data-settings=\"{&quot;background_background&quot;:&quot;classic&quot;}\">\n\t\t\t\t\t\t<div class=\"elementor-container elementor-column-gap-default\">\n\t\t\t\t\t<div class=\"elementor-column elementor-col-100 elementor-top-column elementor-element elementor-element-0ad7048\" data-id=\"0ad7048\" data-element_type=\"column\" data-e-type=\"column\">\n\t\t\t<div class=\"elementor-widget-wrap elementor-element-populated\">\n\t\t\t\t\t\t<section class=\"elementor-section elementor-inner-section elementor-element elementor-element-e390219 elementor-section-boxed elementor-section-height-default elementor-section-height-default\" data-id=\"e390219\" data-element_type=\"section\" data-e-type=\"section\">\n\t\t\t\t\t\t<div class=\"elementor-container elementor-column-gap-default\">\n\t\t\t\t\t<div class=\"elementor-column elementor-col-100 elementor-inner-column elementor-element elementor-element-0f7c7cc\" data-id=\"0f7c7cc\" data-element_type=\"column\" data-e-type=\"column\" data-settings=\"{&quot;background_background&quot;:&quot;classic&quot;}\">\n\t\t\t<div class=\"elementor-widget-wrap elementor-element-populated\">\n\t\t\t\t\t\t<div class=\"elementor-element elementor-element-fa935ab elementor-widget elementor-widget-text-editor\" data-id=\"fa935ab\" data-element_type=\"widget\" data-e-type=\"widget\" data-widget_type=\"text-editor.default\">\n\t\t\t\t<div class=\"elementor-widget-container\">\n\t\t\t\t\t\t\t\t\t<p><span style=\"color: #00853e;\"><strong>A JST Equipos<\/strong><\/span>, ens especialitzem en oferir una \u00e0mplia gamma de maquin\u00e0ria i eines d&#8217;alta qualitat que estan dissenyades per satisfer les necessitats de diversos sectors industrials. La nostra missi\u00f3 \u00e9s proporcionar solucions que no nom\u00e9s impulsin la teva productivitat, sin\u00f3 que tamb\u00e9 garanteixin la durabilitat i efici\u00e8ncia en les teves operacions di\u00e0ries. <\/p>\t\t\t\t\t\t\t\t<\/div>\n\t\t\t\t<\/div>\n\t\t\t\t\t<\/div>\n\t\t<\/div>\n\t\t\t\t\t<\/div>\n\t\t<\/section>\n\t\t\t\t\t<\/div>\n\t\t<\/div>\n\t\t\t\t\t<\/div>\n\t\t<\/section>\n\t\t\t\t<section class=\"elementor-section elementor-top-section elementor-element elementor-element-bd2bba6 elementor-section-boxed elementor-section-height-default elementor-section-height-default\" data-id=\"bd2bba6\" data-element_type=\"section\" data-e-type=\"section\" data-settings=\"{&quot;background_background&quot;:&quot;classic&quot;}\">\n\t\t\t\t\t\t<div class=\"elementor-container elementor-column-gap-default\">\n\t\t\t\t\t<div class=\"elementor-column elementor-col-100 elementor-top-column elementor-element elementor-element-15f6c1b\" data-id=\"15f6c1b\" data-element_type=\"column\" data-e-type=\"column\" data-settings=\"{&quot;background_background&quot;:&quot;classic&quot;}\">\n\t\t\t<div class=\"elementor-widget-wrap elementor-element-populated\">\n\t\t\t\t\t\t<div class=\"elementor-element elementor-element-66d054d elementor-widget elementor-widget-heading\" data-id=\"66d054d\" data-element_type=\"widget\" data-e-type=\"widget\" data-widget_type=\"heading.default\">\n\t\t\t\t<div class=\"elementor-widget-container\">\n\t\t\t\t\t<h2 class=\"elementor-heading-title elementor-size-default\">Varietat d'Eines per a Totes les teves Necessitats<\/h2>\t\t\t\t<\/div>\n\t\t\t\t<\/div>\n\t\t\t\t<div class=\"elementor-element elementor-element-a43dc08 elementor-widget elementor-widget-text-editor\" data-id=\"a43dc08\" data-element_type=\"widget\" data-e-type=\"widget\" data-widget_type=\"text-editor.default\">\n\t\t\t\t<div class=\"elementor-widget-container\">\n\t\t\t\t\t\t\t\t\t<p>A JST Equipos, trobar\u00e0s una vasta selecci\u00f3 d&#8217;eines per a diverses aplicacions. Ja sigui que necessitis eines per a construcci\u00f3, manteniment, reparaci\u00f3 o manufactura, tenim el que busques. El nostre cat\u00e0leg inclou:  <\/p>\t\t\t\t\t\t\t\t<\/div>\n\t\t\t\t<\/div>\n\t\t\t\t<section class=\"elementor-section elementor-inner-section elementor-element elementor-element-30fa17c elementor-section-boxed elementor-section-height-default elementor-section-height-default\" data-id=\"30fa17c\" data-element_type=\"section\" data-e-type=\"section\" data-settings=\"{&quot;background_background&quot;:&quot;classic&quot;}\">\n\t\t\t\t\t\t<div class=\"elementor-container elementor-column-gap-default\">\n\t\t\t\t\t<div class=\"elementor-column elementor-col-50 elementor-inner-column elementor-element elementor-element-0e8e305\" data-id=\"0e8e305\" data-element_type=\"column\" data-e-type=\"column\">\n\t\t\t<div class=\"elementor-widget-wrap elementor-element-populated\">\n\t\t\t\t\t\t<div class=\"elementor-element elementor-element-0ff1c9e centrar elementor-widget elementor-widget-shortcode\" data-id=\"0ff1c9e\" data-element_type=\"widget\" data-e-type=\"widget\" data-widget_type=\"shortcode.default\">\n\t\t\t\t<div class=\"elementor-widget-container\">\n\t\t\t\t\t\t\t<div class=\"elementor-shortcode\"><div class=\"_df_thumb \" id=\"df_3502\"  _slug=\"herramientas\" data-title=\"herramientas\" wpoptions=\"true\" thumb=\"https:\/\/jst.es\/wp-content\/uploads\/2025\/06\/herramientas-scaled.jpg\" thumbtype=\"\" >Herramientas<\/div><script class=\"df-shortcode-script\" nowprocket type=\"application\/javascript\">window.option_df_3502 = {\"webgl\":\"true\",\"outline\":[],\"hard\":\"cover\",\"autoEnableOutline\":\"false\",\"autoEnableThumbnail\":\"false\",\"overwritePDFOutline\":\"false\",\"direction\":\"1\",\"pageSize\":\"0\",\"singlePageMode\":\"1\",\"source\":\"http:\\\/\\\/jst.es\\\/wp-content\\\/uploads\\\/2025\\\/06\\\/7.-HERRAMIENTAS.pdf\",\"wpOptions\":\"true\"}; if(window.DFLIP && window.DFLIP.parseBooks){window.DFLIP.parseBooks();}<\/script><\/div>\n\t\t\t\t\t\t<\/div>\n\t\t\t\t<\/div>\n\t\t\t\t<div class=\"elementor-element elementor-element-665def7 elementor-widget elementor-widget-heading\" data-id=\"665def7\" data-element_type=\"widget\" data-e-type=\"widget\" data-widget_type=\"heading.default\">\n\t\t\t\t<div class=\"elementor-widget-container\">\n\t\t\t\t\t<p class=\"elementor-heading-title elementor-size-default\">Eines, premses i <br>maquin\u00e0ria Semiautom\u00e0tica<\/p>\t\t\t\t<\/div>\n\t\t\t\t<\/div>\n\t\t\t\t\t<\/div>\n\t\t<\/div>\n\t\t\t\t<div class=\"elementor-column elementor-col-50 elementor-inner-column elementor-element elementor-element-e0dfd6d\" data-id=\"e0dfd6d\" data-element_type=\"column\" data-e-type=\"column\">\n\t\t\t<div class=\"elementor-widget-wrap elementor-element-populated\">\n\t\t\t\t\t\t<div class=\"elementor-element elementor-element-7167042 centrar elementor-widget elementor-widget-shortcode\" data-id=\"7167042\" data-element_type=\"widget\" data-e-type=\"widget\" data-widget_type=\"shortcode.default\">\n\t\t\t\t<div class=\"elementor-widget-container\">\n\t\t\t\t\t\t\t<div class=\"elementor-shortcode\"><div class=\"_df_thumb \" id=\"df_3524\"  _slug=\"herramientas-electronica\" data-title=\"herramientas-electronica\" wpoptions=\"true\" thumb=\"https:\/\/jst.es\/wp-content\/uploads\/2025\/06\/herramientas-scaled.jpg\" thumbtype=\"\" >Herramientas Electr\u00f3nica<\/div><script class=\"df-shortcode-script\" nowprocket type=\"application\/javascript\">window.option_df_3524 = {\"outline\":[],\"autoEnableOutline\":\"false\",\"autoEnableThumbnail\":\"false\",\"overwritePDFOutline\":\"false\",\"direction\":\"1\",\"pageSize\":\"0\",\"source\":\"http:\\\/\\\/jst.es\\\/wp-content\\\/uploads\\\/2025\\\/06\\\/7-herramientas-electronica.pdf\",\"wpOptions\":\"true\"}; if(window.DFLIP && window.DFLIP.parseBooks){window.DFLIP.parseBooks();}<\/script><\/div>\n\t\t\t\t\t\t<\/div>\n\t\t\t\t<\/div>\n\t\t\t\t<div class=\"elementor-element elementor-element-f004dc9 elementor-widget elementor-widget-heading\" data-id=\"f004dc9\" data-element_type=\"widget\" data-e-type=\"widget\" data-widget_type=\"heading.default\">\n\t\t\t\t<div class=\"elementor-widget-container\">\n\t\t\t\t\t<p class=\"elementor-heading-title elementor-size-default\">Eines terminals<br> electr\u00f2nica<\/p>\t\t\t\t<\/div>\n\t\t\t\t<\/div>\n\t\t\t\t\t<\/div>\n\t\t<\/div>\n\t\t\t\t\t<\/div>\n\t\t<\/section>\n\t\t\t\t\t<\/div>\n\t\t<\/div>\n\t\t\t\t\t<\/div>\n\t\t<\/section>\n\t\t\t\t<\/div>\n\t\t","protected":false},"excerpt":{"rendered":"<p>A JST Equipos, ens especialitzem en oferir una \u00e0mplia gamma de maquin\u00e0ria i eines d&#8217;alta qualitat que estan dissenyades per satisfer les necessitats de diversos sectors industrials. La nostra missi\u00f3 \u00e9s proporcionar solucions que no nom\u00e9s impulsin la teva productivitat, sin\u00f3 que tamb\u00e9 garanteixin la durabilitat i efici\u00e8ncia en les teves operacions di\u00e0ries. Varietat d&#8217;Eines [&hellip;]<\/p>\n","protected":false},"author":1,"featured_media":0,"parent":0,"menu_order":0,"comment_status":"closed","ping_status":"closed","template":"elementor_header_footer","meta":{"_acf_changed":false,"footnotes":""},"class_list":["post-6214","page","type-page","status-publish","hentry"],"acf":[],"yoast_head":"<!-- This site is optimized with the Yoast SEO plugin v27.2 - https:\/\/yoast.com\/product\/yoast-seo-wordpress\/ -->\n<title>Eines JST | Crimpat i muntatge de connectors<\/title>\n<meta name=\"description\" content=\"Cat\u00e0leg d&#039;eines JST per crimpat i muntatge de connectors. Orientaci\u00f3 t\u00e8cnica i solucions professionals des de JST Espanya.\" \/>\n<meta name=\"robots\" content=\"index, follow, max-snippet:-1, max-image-preview:large, max-video-preview:-1\" \/>\n<link rel=\"canonical\" href=\"https:\/\/jst.es\/ca\/eines\/\" \/>\n<meta property=\"og:locale\" content=\"en_US\" \/>\n<meta property=\"og:type\" content=\"article\" \/>\n<meta property=\"og:title\" content=\"Eines JST | Crimpat i muntatge de connectors\" \/>\n<meta property=\"og:description\" content=\"Cat\u00e0leg d&#039;eines JST per crimpat i muntatge de connectors. Orientaci\u00f3 t\u00e8cnica i solucions professionals des de JST Espanya.\" \/>\n<meta property=\"og:url\" content=\"https:\/\/jst.es\/ca\/eines\/\" \/>\n<meta property=\"og:site_name\" content=\"JST\" \/>\n<meta property=\"article:modified_time\" content=\"2026-01-28T08:59:27+00:00\" \/>\n<meta name=\"twitter:card\" content=\"summary_large_image\" \/>\n<meta name=\"twitter:label1\" content=\"Est. reading time\" \/>\n\t<meta name=\"twitter:data1\" content=\"1 minute\" \/>\n<script type=\"application\/ld+json\" class=\"yoast-schema-graph\">{\"@context\":\"https:\/\/schema.org\",\"@graph\":[{\"@type\":\"WebPage\",\"@id\":\"https:\/\/jst.es\/ca\/eines\/\",\"url\":\"https:\/\/jst.es\/ca\/eines\/\",\"name\":\"Eines JST | Crimpat i muntatge de connectors\",\"isPartOf\":{\"@id\":\"https:\/\/jst.es\/#website\"},\"datePublished\":\"2025-06-10T14:44:29+00:00\",\"dateModified\":\"2026-01-28T08:59:27+00:00\",\"description\":\"Cat\u00e0leg d'eines JST per crimpat i muntatge de connectors. Orientaci\u00f3 t\u00e8cnica i solucions professionals des de JST Espanya.\",\"breadcrumb\":{\"@id\":\"https:\/\/jst.es\/ca\/eines\/#breadcrumb\"},\"inLanguage\":\"ca-CA\",\"potentialAction\":[{\"@type\":\"ReadAction\",\"target\":[\"https:\/\/jst.es\/ca\/eines\/\"]}]},{\"@type\":\"BreadcrumbList\",\"@id\":\"https:\/\/jst.es\/ca\/eines\/#breadcrumb\",\"itemListElement\":[{\"@type\":\"ListItem\",\"position\":1,\"name\":\"Portada\",\"item\":\"https:\/\/jst.es\/ca\/inici\/\"},{\"@type\":\"ListItem\",\"position\":2,\"name\":\"Eines\"}]},{\"@type\":\"WebSite\",\"@id\":\"https:\/\/jst.es\/#website\",\"url\":\"https:\/\/jst.es\/\",\"name\":\"JST\",\"description\":\"Soluciones tecnol\u00f3gicas a medida\",\"publisher\":{\"@id\":\"https:\/\/jst.es\/#organization\"},\"potentialAction\":[{\"@type\":\"SearchAction\",\"target\":{\"@type\":\"EntryPoint\",\"urlTemplate\":\"https:\/\/jst.es\/?s={search_term_string}\"},\"query-input\":{\"@type\":\"PropertyValueSpecification\",\"valueRequired\":true,\"valueName\":\"search_term_string\"}}],\"inLanguage\":\"ca-CA\"},{\"@type\":\"Organization\",\"@id\":\"https:\/\/jst.es\/#organization\",\"name\":\"JST\",\"url\":\"https:\/\/jst.es\/\",\"logo\":{\"@type\":\"ImageObject\",\"inLanguage\":\"ca-CA\",\"@id\":\"https:\/\/jst.es\/#\/schema\/logo\/image\/\",\"url\":\"https:\/\/jst.es\/wp-content\/uploads\/2025\/05\/logo-jst.png\",\"contentUrl\":\"https:\/\/jst.es\/wp-content\/uploads\/2025\/05\/logo-jst.png\",\"width\":250,\"height\":77,\"caption\":\"JST\"},\"image\":{\"@id\":\"https:\/\/jst.es\/#\/schema\/logo\/image\/\"}}]}<\/script>\n<!-- \/ Yoast SEO plugin. -->","yoast_head_json":{"title":"Eines JST | Crimpat i muntatge de connectors","description":"Cat\u00e0leg d'eines JST per crimpat i muntatge de connectors. Orientaci\u00f3 t\u00e8cnica i solucions professionals des de JST Espanya.","robots":{"index":"index","follow":"follow","max-snippet":"max-snippet:-1","max-image-preview":"max-image-preview:large","max-video-preview":"max-video-preview:-1"},"canonical":"https:\/\/jst.es\/ca\/eines\/","og_locale":"en_US","og_type":"article","og_title":"Eines JST | Crimpat i muntatge de connectors","og_description":"Cat\u00e0leg d'eines JST per crimpat i muntatge de connectors. Orientaci\u00f3 t\u00e8cnica i solucions professionals des de JST Espanya.","og_url":"https:\/\/jst.es\/ca\/eines\/","og_site_name":"JST","article_modified_time":"2026-01-28T08:59:27+00:00","twitter_card":"summary_large_image","twitter_misc":{"Est. reading time":"1 minute"},"schema":{"@context":"https:\/\/schema.org","@graph":[{"@type":"WebPage","@id":"https:\/\/jst.es\/ca\/eines\/","url":"https:\/\/jst.es\/ca\/eines\/","name":"Eines JST | Crimpat i muntatge de connectors","isPartOf":{"@id":"https:\/\/jst.es\/#website"},"datePublished":"2025-06-10T14:44:29+00:00","dateModified":"2026-01-28T08:59:27+00:00","description":"Cat\u00e0leg d'eines JST per crimpat i muntatge de connectors. Orientaci\u00f3 t\u00e8cnica i solucions professionals des de JST Espanya.","breadcrumb":{"@id":"https:\/\/jst.es\/ca\/eines\/#breadcrumb"},"inLanguage":"ca-CA","potentialAction":[{"@type":"ReadAction","target":["https:\/\/jst.es\/ca\/eines\/"]}]},{"@type":"BreadcrumbList","@id":"https:\/\/jst.es\/ca\/eines\/#breadcrumb","itemListElement":[{"@type":"ListItem","position":1,"name":"Portada","item":"https:\/\/jst.es\/ca\/inici\/"},{"@type":"ListItem","position":2,"name":"Eines"}]},{"@type":"WebSite","@id":"https:\/\/jst.es\/#website","url":"https:\/\/jst.es\/","name":"JST","description":"Soluciones tecnol\u00f3gicas a medida","publisher":{"@id":"https:\/\/jst.es\/#organization"},"potentialAction":[{"@type":"SearchAction","target":{"@type":"EntryPoint","urlTemplate":"https:\/\/jst.es\/?s={search_term_string}"},"query-input":{"@type":"PropertyValueSpecification","valueRequired":true,"valueName":"search_term_string"}}],"inLanguage":"ca-CA"},{"@type":"Organization","@id":"https:\/\/jst.es\/#organization","name":"JST","url":"https:\/\/jst.es\/","logo":{"@type":"ImageObject","inLanguage":"ca-CA","@id":"https:\/\/jst.es\/#\/schema\/logo\/image\/","url":"https:\/\/jst.es\/wp-content\/uploads\/2025\/05\/logo-jst.png","contentUrl":"https:\/\/jst.es\/wp-content\/uploads\/2025\/05\/logo-jst.png","width":250,"height":77,"caption":"JST"},"image":{"@id":"https:\/\/jst.es\/#\/schema\/logo\/image\/"}}]}},"_links":{"self":[{"href":"https:\/\/jst.es\/ca\/wp-json\/wp\/v2\/pages\/6214","targetHints":{"allow":["GET"]}}],"collection":[{"href":"https:\/\/jst.es\/ca\/wp-json\/wp\/v2\/pages"}],"about":[{"href":"https:\/\/jst.es\/ca\/wp-json\/wp\/v2\/types\/page"}],"author":[{"embeddable":true,"href":"https:\/\/jst.es\/ca\/wp-json\/wp\/v2\/users\/1"}],"replies":[{"embeddable":true,"href":"https:\/\/jst.es\/ca\/wp-json\/wp\/v2\/comments?post=6214"}],"version-history":[{"count":3,"href":"https:\/\/jst.es\/ca\/wp-json\/wp\/v2\/pages\/6214\/revisions"}],"predecessor-version":[{"id":54990,"href":"https:\/\/jst.es\/ca\/wp-json\/wp\/v2\/pages\/6214\/revisions\/54990"}],"wp:attachment":[{"href":"https:\/\/jst.es\/ca\/wp-json\/wp\/v2\/media?parent=6214"}],"curies":[{"name":"wp","href":"https:\/\/api.w.org\/{rel}","templated":true}]}}