{"id":55031,"date":"2025-05-27T17:51:38","date_gmt":"2025-05-27T15:51:38","guid":{"rendered":"https:\/\/jst.es\/industry-applications\/"},"modified":"2026-01-28T11:02:47","modified_gmt":"2026-01-28T10:02:47","slug":"industry-applications","status":"publish","type":"page","link":"https:\/\/jst.es\/en\/industry-applications\/","title":{"rendered":"Industry &amp; Applications"},"content":{"rendered":"\t\t<div data-elementor-type=\"wp-page\" data-elementor-id=\"55031\" class=\"elementor elementor-55031 elementor-664\" data-elementor-post-type=\"page\">\n\t\t\t\t\t\t<section class=\"elementor-section elementor-top-section elementor-element elementor-element-d5992eb elementor-section-boxed elementor-section-height-default elementor-section-height-default\" data-id=\"d5992eb\" data-element_type=\"section\" data-e-type=\"section\" data-settings=\"{&quot;background_background&quot;:&quot;classic&quot;}\">\n\t\t\t\t\t\t<div class=\"elementor-container elementor-column-gap-default\">\n\t\t\t\t\t<div class=\"elementor-column elementor-col-100 elementor-top-column elementor-element elementor-element-e150232\" data-id=\"e150232\" data-element_type=\"column\" data-e-type=\"column\">\n\t\t\t<div class=\"elementor-widget-wrap elementor-element-populated\">\n\t\t\t\t\t\t<section class=\"elementor-section elementor-inner-section elementor-element elementor-element-2ae4823 elementor-section-boxed elementor-section-height-default elementor-section-height-default\" data-id=\"2ae4823\" data-element_type=\"section\" data-e-type=\"section\">\n\t\t\t\t\t\t<div class=\"elementor-container elementor-column-gap-default\">\n\t\t\t\t\t<div class=\"elementor-column elementor-col-100 elementor-inner-column elementor-element elementor-element-8ea2497\" data-id=\"8ea2497\" data-element_type=\"column\" data-e-type=\"column\">\n\t\t\t<div class=\"elementor-widget-wrap elementor-element-populated\">\n\t\t\t\t\t\t<div class=\"elementor-element elementor-element-f666726 elementor-widget elementor-widget-text-editor\" data-id=\"f666726\" data-element_type=\"widget\" data-e-type=\"widget\" data-widget_type=\"text-editor.default\">\n\t\t\t\t<div class=\"elementor-widget-container\">\n\t\t\t\t\t\t\t\t\t<p><strong><span style=\"color: #00853e;\">Japanese Solderless Terminal, JST,<\/span><\/strong> understands that every project is unique. That is why its connectors are designed to adapt to a wide range of applications in the electrical and electronic industries. Thanks to their versatility and reliability, JST has become a preferred choice in sectors such as medical and industrial, helping to drive innovation and technical performance. <\/p>\t\t\t\t\t\t\t\t<\/div>\n\t\t\t\t<\/div>\n\t\t\t\t\t<\/div>\n\t\t<\/div>\n\t\t\t\t\t<\/div>\n\t\t<\/section>\n\t\t\t\t\t<\/div>\n\t\t<\/div>\n\t\t\t\t\t<\/div>\n\t\t<\/section>\n\t\t\t\t<section class=\"elementor-section elementor-top-section elementor-element elementor-element-4a50c1b elementor-section-boxed elementor-section-height-default elementor-section-height-default\" data-id=\"4a50c1b\" data-element_type=\"section\" data-e-type=\"section\" data-settings=\"{&quot;background_background&quot;:&quot;classic&quot;}\">\n\t\t\t\t\t\t<div class=\"elementor-container elementor-column-gap-default\">\n\t\t\t\t\t<div class=\"elementor-column elementor-col-50 elementor-top-column elementor-element elementor-element-32f2418\" data-id=\"32f2418\" data-element_type=\"column\" data-e-type=\"column\">\n\t\t\t<div class=\"elementor-widget-wrap elementor-element-populated\">\n\t\t\t\t\t\t<div class=\"elementor-element elementor-element-ed8efa2 elementor-widget elementor-widget-html\" data-id=\"ed8efa2\" data-element_type=\"widget\" data-e-type=\"widget\" data-widget_type=\"html.default\">\n\t\t\t\t<div class=\"elementor-widget-container\">\n\t\t\t\t\t<!-- Men\u00fa de pesta\u00f1as lateral -->\n<div id=\"tabsMenu\">\n\n  <!-- Bot\u00f3n activo por defecto: Automoci\u00f3n -->\n  <button class=\"tab-button active\" data-tab=\"automocion\">Automotive<\/button>\n\n <!-- Bot\u00f3n: Equipos recreativos -->\n <button class=\"tab-button\" data-tab=\"recreativos\">Recreational equipment<\/button>\n\n <!-- Bot\u00f3n: A \/ V Equipment -->\n <button class=\"tab-button\" data-tab=\"av\">A\/V \u2013 Audiovisual equipment<\/button>\n\n<\/div>\n\n<!-- Bot\u00f3n: Sistemas de Informaci\u00f3n y Comunicaci\u00f3n -->\n<button class=\"tab-button\" data-tab=\"comunicacion\">Information Systems<br> and Communication<\/button>\n\n<!-- Bot\u00f3n: Sistemas de tr\u00e1fico y electr\u00f3nica pesada -->\n<button class=\"tab-button\" data-tab=\"trafico\">Traffic systems and electronics <br>heavy<\/button>\n\n<!-- Bot\u00f3n: Electrodom\u00e9sticos -->\n<button class=\"tab-button\" data-tab=\"electrodomesticos\">Appliances<\/button>\n\n<!-- Bot\u00f3n: Equipos industriales -->\n<button class=\"tab-button\" data-tab=\"industriales\">Industrial equipment<\/button>\n\t\t\t\t<\/div>\n\t\t\t\t<\/div>\n\t\t\t\t\t<\/div>\n\t\t<\/div>\n\t\t\t\t<div class=\"elementor-column elementor-col-50 elementor-top-column elementor-element elementor-element-3b049d6\" data-id=\"3b049d6\" data-element_type=\"column\" data-e-type=\"column\">\n\t\t\t<div class=\"elementor-widget-wrap elementor-element-populated\">\n\t\t\t\t\t\t<div class=\"elementor-element elementor-element-84eb6f8 elementor-widget elementor-widget-html\" data-id=\"84eb6f8\" data-element_type=\"widget\" data-e-type=\"widget\" data-widget_type=\"html.default\">\n\t\t\t\t<div class=\"elementor-widget-container\">\n\t\t\t\t\t<!-- Pesta\u00f1a: Automoci\u00f3n (activa por defecto) -->\n<div class=\"tab-content active\" id=\"automocion\">\n  <div class=\"contenido-pestana\" style=\"display: flex; gap: 0; flex-wrap: nowrap; align-items: stretch;\">\n    \n    <!-- Imagen Automoci\u00f3n -->\n    <div style=\"flex: 0 0 400px; height:420px;\">\n      <img decoding=\"async\" src=\"https:\/\/maensystems.net\/jst\/wp-content\/uploads\/2025\/06\/automobile.webp\" alt=\"Car headlights\" style=\"width: 100%; height: 100%; object-fit: cover; border-radius: 8px 0 0 8px; display: block;\">\n    <\/div>\n\n    <!-- Texto Automoci\u00f3n -->\n    <div style=\"flex: 1; padding: 30px;\">\n      <h2>Automotive<\/h2>\n      <p>From airbags and headlights to ignition coils and control modules, our connectors are present in almost every automotive system.<\/p>\n      <ul>\n        <li>Headlamps: CPT<\/li>\n        <li>Inverter: CPT, CPI, MEC<\/li>\n        <li>Panel Switches: HCM, AIT2<\/li>\n        <li>Ignition coil: NFG<\/li>\n        <li>ABS brakes: ASG<\/li>\n        <li>Battery: SPH2<\/li>\n        <li>Airbag: HIC, SNA, SAB, SQS, SQH, SQM, SQF<\/li>\n      <\/ul>\n    <\/div>\n\n  <\/div>\n<\/div>\n\n<!-- Pesta\u00f1a: Equipos recreativos -->\n<div class=\"tab-content\" id=\"recreativos\">\n  <div class=\"contenido-pestana\" style=\"display: flex; gap: 0; flex-wrap: nowrap; align-items: stretch;\">\n    \n    <!-- Imagen Recreativos -->\n    <div style=\"flex: 0 0 400px; height:420px;\">\n      <img decoding=\"async\" src=\"https:\/\/maensystems.net\/jst\/wp-content\/uploads\/2025\/06\/slots.webp\" alt=\"Pachinko arcade machine\" style=\"width: 100%; height: 100%; object-fit: cover; border-radius: 8px 0 0 8px; display: block;\">\n    <\/div>\n\n    <!-- Texto Recreativos -->\n    <div style=\"flex: 1; padding: 30px;\">\n      <h2>Recreational equipment<\/h2>\n      <p>Originally from Japan, pachinko machines are a classic in arcades and casinos. Discover how JST connectors make entertainment possible: <\/p>\n      <ul>\n        <li>LCD display unit: SHL, FHY, FHH, FCH<\/li>\n        <li>Main \/ Payment control board: ZE, PA, PUD, PND, PND, PNI, XA, JQ, UB, DSH<\/li>\n        <li>CR Unit: ZE, PA, Dsub<\/li>\n        <li>Loudspeaker unit: PS, Tab-on terminal<\/li>\n        <li>Surface plate (chassis connection): PUD, JFA, RTZ, TSF<\/li>\n        <li>Power unit: PUD, XH, VH, VL, VL, JFA, ring terminal<\/li>\n      <\/ul>\n    <\/div>\n\n  <\/div>\n<\/div>\n\n<!-- Pesta\u00f1a: A \/ V Equipment -->\n<div class=\"tab-content\" id=\"av\">\n  <div class=\"contenido-pestana\" style=\"display: flex; gap: 0; flex-wrap: nowrap; align-items: stretch;\">\n    \n    <!-- Imagen A\/V -->\n    <div style=\"flex: 0 0 400px; height:420px;\">\n      <img decoding=\"async\" src=\"https:\/\/maensystems.net\/jst\/wp-content\/uploads\/2025\/06\/equipamiento-audiovisual.webp\" alt=\"Audiovisual equipment with loudspeaker and screen\" style=\"width: 100%; height: 100%; object-fit: cover; border-radius: 8px 0 0 8px; display: block;\">\n    <\/div>\n\n    <!-- Texto A\/V -->\n    <div style=\"flex: 1; padding: 30px;\">\n      <h2>A\/V - Audiovisual equipment<\/h2>\n      <p>From image sensors and lenses in digital cameras to backlight inverters and control boards in televisions, JST connectors play a key role in a wide variety of AV equipment. Here are just a few of the items where they are used: <\/p>\n      <ul>\n        <li>LCD TV<\/li>\n        <li>Power supply board: PA, VH, NV, VYH, VA, VT<\/li>\n        <li>Backlight inverter: BD, BDE<\/li>\n        <li>Control board: GVH, GH, GHD, ZE, PNI, SCV<\/li>\n        <li>LCD Driver: SHLV, SHL, SHLD, GH<\/li>\n      <\/ul>\n    <\/div>\n\n  <\/div>\n<\/div>\n\n<!-- Pesta\u00f1a: Sistemas de Informaci\u00f3n y Comunicaci\u00f3n -->\n<div class=\"tab-content\" id=\"comunicacion\">\n  <div class=\"contenido-pestana\" style=\"display: flex; gap: 0; flex-wrap: nowrap; align-items: stretch;\">\n    \n    <!-- Imagen de port\u00e1til -->\n    <div style=\"flex: 0 0 400px;\">\n      <img decoding=\"async\" src=\"https:\/\/maensystems.net\/jst\/wp-content\/uploads\/2025\/06\/portatil.webp\" alt=\"Person using laptop in an office\" style=\"width: 100%; height: 100%; object-fit: cover; border-radius: 8px 0 0 8px; display: block;\">\n    <\/div>\n\n    <!-- Texto y listado -->\n    <div style=\"flex: 1; padding: 30px;\">\n      <h2>Information and Communication Systems<\/h2>\n      <p>Having cutting-edge technology in information and communication equipment is essential in today's world. That's why many companies rely on JST connectors to power devices such as laptops and smartphones. Some of their uses include:  <\/p>\n      <ul>\n        <li>SIM card slot: SCUL, SCYT, SCZT<\/li>\n        <li>Slot for micro SD card: SDHL, SDHR, SDHK, SDH<\/li>\n        <li>Headphone jack: EP<\/li>\n        <li>Micro USB interface: UB<\/li>\n        <li>FPC to board connector: JAK, JAT<\/li>\n      <\/ul>\n    <\/div>\n\n  <\/div>\n<\/div>\n\n\n<!-- Pesta\u00f1a: Sistemas de tr\u00e1fico y electr\u00f3nica pesada -->\n<div class=\"tab-content\" id=\"trafico\">\n  <div class=\"contenido-pestana\" style=\"display: flex; gap: 0; flex-wrap: nowrap; align-items: stretch;\">\n    \n    <!-- Imagen de tren o v\u00eda ferroviaria -->\n    <div style=\"flex: 0 0 400px;\">\n      <img decoding=\"async\" src=\"https:\/\/maensystems.net\/jst\/wp-content\/uploads\/2025\/06\/railway.webp\" alt=\"Train on elevated tracks\" style=\"width: 100%; height: 100%; object-fit: cover; border-radius: 8px 0 0 8px; display: block;\">\n    <\/div>\n\n    <!-- Contenido textual -->\n    <div style=\"flex: 1; padding: 30px;\">\n      <h2>Traffic systems and heavy electronics<\/h2>\n      <p>JST connectors are used in traffic systems and heavy electronics, such as railway vehicles and management equipment in transport stations. For example, they can be found on an automatic lathe: <\/p>\n      <ul>\n        <li>IC card control board: SR<\/li>\n        <li>Power supply plate: VH, JFA<\/li>\n        <li>Control board: ZR, PH, PHD, PA, PNI, XA, XAD, UB<\/li>\n      <\/ul>\n    <\/div>\n\n  <\/div>\n<\/div>\n\n<!-- Pesta\u00f1a: Electrodom\u00e9sticos -->\n<div class=\"tab-content\" id=\"electrodomesticos\">\n  <div class=\"contenido-pestana\" style=\"display: flex; gap: 0; flex-wrap: nowrap; align-items: stretch;\">\n    \n    <!-- Imagen de cocina con electrodom\u00e9sticos -->\n    <div style=\"flex: 0 0 400px;\">\n      <img decoding=\"async\" src=\"https:\/\/maensystems.net\/jst\/wp-content\/uploads\/2025\/06\/electrodomesticos.webp\" alt=\"Kitchen appliances\" style=\"width: 100%; height: 100%; object-fit: cover; border-radius: 8px 0 0 8px; display: block;\">\n    <\/div>\n\n    <!-- Contenido textual -->\n    <div style=\"flex: 1; padding: 30px;\">\n      <h2>Appliances<\/h2>\n      <p>The innovative parts we develop and manufacture are widely used in the home appliance industry. The control boards of the following appliances often incorporate JST connectors: <\/p>\n      <ul>\n        <li>Water heater: XA, VH, PA, XA, XH, PS, solderless terminals<\/li>\n        <li>Washing machine: VH, XL<\/li>\n        <li>Refrigerator: VH, ZPD, XNI, XA<\/li>\n        <li>Air-conditioning: GH, PA, XA, PH, GH<\/li>\n      <\/ul>\n    <\/div>\n\n  <\/div>\n<\/div>\n\n<!-- Pesta\u00f1a: Equipos industriales -->\n<div class=\"tab-content\" id=\"industriales\">\n  <div class=\"contenido-pestana\" style=\"display: flex; gap: 0; flex-wrap: nowrap; align-items: stretch;\">\n    \n    <!-- Imagen del entorno industrial -->\n    <div style=\"flex: 0 0 400px;\">\n      <img decoding=\"async\" src=\"https:\/\/maensystems.net\/jst\/wp-content\/uploads\/2025\/06\/circuit.webp\" alt=\"Factory operator with robotic arm\" style=\"width: 100%; height: 100%; object-fit: cover; border-radius: 8px 0 0 8px; display: block;\">\n    <\/div>\n\n    <!-- Contenido textual -->\n    <div style=\"flex: 1; padding: 30px;\">\n      <h2>Industrial equipment<\/h2>\n      <p>Servo amplifiers are used in industrial equipment to transmit electrical signals and control motion. The following JST connectors are commonly used in these systems: <\/p>\n      <ul>\n        <li>Communication with PC: UB (Mini USB)<\/li>\n        <li>Input\/output signal: MS<\/li>\n        <li>Safety circuit: CIF<\/li>\n        <li>Battery connection: PA<\/li>\n        <li>Motor encoder: XV<\/li>\n        <li>Connection between plates: JYR<\/li>\n        <li>Power system: JFA (J-FAT-S-H)<\/li>\n      <\/ul>\n    <\/div>\n\n  <\/div>\n<\/div>\n\t\t\t\t<\/div>\n\t\t\t\t<\/div>\n\t\t\t\t\t<\/div>\n\t\t<\/div>\n\t\t\t\t\t<\/div>\n\t\t<\/section>\n\t\t\t\t<section class=\"elementor-section elementor-top-section elementor-element elementor-element-347ea06 elementor-section-boxed elementor-section-height-default elementor-section-height-default\" data-id=\"347ea06\" data-element_type=\"section\" data-e-type=\"section\">\n\t\t\t\t\t\t<div class=\"elementor-container elementor-column-gap-default\">\n\t\t\t\t\t<div class=\"elementor-column elementor-col-100 elementor-top-column elementor-element elementor-element-624ddba\" data-id=\"624ddba\" data-element_type=\"column\" data-e-type=\"column\">\n\t\t\t<div class=\"elementor-widget-wrap elementor-element-populated\">\n\t\t\t\t\t\t<div class=\"elementor-element elementor-element-911aa9e elementor-widget elementor-widget-html\" data-id=\"911aa9e\" data-element_type=\"widget\" data-e-type=\"widget\" data-widget_type=\"html.default\">\n\t\t\t\t<div class=\"elementor-widget-container\">\n\t\t\t\t\t<script>document.querySelectorAll('.tab-button').forEach(button => {\n    button.addEventListener('click', () => {\n      const tabId = button.getAttribute('data-tab');\n\n      document.querySelectorAll('.tab-button').forEach(btn => btn.classList.remove('active'));\n      document.querySelectorAll('.tab-content').forEach(content => content.classList.remove('active'));\n\n      button.classList.add('active');\n      document.getElementById(tabId).classList.add('active');\n    });\n  });\n<\/script>\t\t\t\t<\/div>\n\t\t\t\t<\/div>\n\t\t\t\t\t<\/div>\n\t\t<\/div>\n\t\t\t\t\t<\/div>\n\t\t<\/section>\n\t\t\t\t<\/div>\n\t\t","protected":false},"excerpt":{"rendered":"<p>Japanese Solderless Terminal, JST, understands that every project is unique. That is why its connectors are designed to adapt to a wide range of applications in the electrical and electronic industries. Thanks to their versatility and reliability, JST has become a preferred choice in sectors such as medical and industrial, helping to drive innovation and [&hellip;]<\/p>\n","protected":false},"author":1,"featured_media":0,"parent":0,"menu_order":0,"comment_status":"closed","ping_status":"closed","template":"elementor_header_footer","meta":{"_acf_changed":false,"footnotes":""},"class_list":["post-55031","page","type-page","status-publish","hentry"],"acf":[],"yoast_head":"<!-- This site is optimized with the Yoast SEO plugin v27.2 - https:\/\/yoast.com\/product\/yoast-seo-wordpress\/ -->\n<title>Industry &amp; Applications - JST<\/title>\n<meta name=\"robots\" content=\"index, follow, max-snippet:-1, max-image-preview:large, max-video-preview:-1\" \/>\n<link rel=\"canonical\" href=\"https:\/\/jst.es\/en\/industry-applications\/\" \/>\n<meta property=\"og:locale\" content=\"en_GB\" \/>\n<meta property=\"og:type\" content=\"article\" \/>\n<meta property=\"og:title\" content=\"Industry &amp; Applications - JST\" \/>\n<meta property=\"og:description\" content=\"Japanese Solderless Terminal, JST, understands that every project is unique. That is why its connectors are designed to adapt to a wide range of applications in the electrical and electronic industries. Thanks to their versatility and reliability, JST has become a preferred choice in sectors such as medical and industrial, helping to drive innovation and [&hellip;]\" \/>\n<meta property=\"og:url\" content=\"https:\/\/jst.es\/en\/industry-applications\/\" \/>\n<meta property=\"og:site_name\" content=\"JST\" \/>\n<meta property=\"article:modified_time\" content=\"2026-01-28T10:02:47+00:00\" \/>\n<meta property=\"og:image\" content=\"https:\/\/maensystems.net\/jst\/wp-content\/uploads\/2025\/06\/automobile.webp\" \/>\n<meta name=\"twitter:card\" content=\"summary_large_image\" \/>\n<meta name=\"twitter:label1\" content=\"Estimated reading time\" \/>\n\t<meta name=\"twitter:data1\" content=\"2 minutes\" \/>\n<script type=\"application\/ld+json\" class=\"yoast-schema-graph\">{\"@context\":\"https:\/\/schema.org\",\"@graph\":[{\"@type\":\"WebPage\",\"@id\":\"https:\/\/jst.es\/en\/industry-applications\/\",\"url\":\"https:\/\/jst.es\/en\/industry-applications\/\",\"name\":\"Industry &amp; Applications - JST\",\"isPartOf\":{\"@id\":\"https:\/\/jst.es\/#website\"},\"primaryImageOfPage\":{\"@id\":\"https:\/\/jst.es\/en\/industry-applications\/#primaryimage\"},\"image\":{\"@id\":\"https:\/\/jst.es\/en\/industry-applications\/#primaryimage\"},\"thumbnailUrl\":\"https:\/\/maensystems.net\/jst\/wp-content\/uploads\/2025\/06\/automobile.webp\",\"datePublished\":\"2025-05-27T15:51:38+00:00\",\"dateModified\":\"2026-01-28T10:02:47+00:00\",\"breadcrumb\":{\"@id\":\"https:\/\/jst.es\/en\/industry-applications\/#breadcrumb\"},\"inLanguage\":\"en-GB\",\"potentialAction\":[{\"@type\":\"ReadAction\",\"target\":[\"https:\/\/jst.es\/en\/industry-applications\/\"]}]},{\"@type\":\"ImageObject\",\"inLanguage\":\"en-GB\",\"@id\":\"https:\/\/jst.es\/en\/industry-applications\/#primaryimage\",\"url\":\"https:\/\/maensystems.net\/jst\/wp-content\/uploads\/2025\/06\/automobile.webp\",\"contentUrl\":\"https:\/\/maensystems.net\/jst\/wp-content\/uploads\/2025\/06\/automobile.webp\"},{\"@type\":\"BreadcrumbList\",\"@id\":\"https:\/\/jst.es\/en\/industry-applications\/#breadcrumb\",\"itemListElement\":[{\"@type\":\"ListItem\",\"position\":1,\"name\":\"Portada\",\"item\":\"https:\/\/jst.es\/en\/home\/\"},{\"@type\":\"ListItem\",\"position\":2,\"name\":\"Industry &amp; Applications\"}]},{\"@type\":\"WebSite\",\"@id\":\"https:\/\/jst.es\/#website\",\"url\":\"https:\/\/jst.es\/\",\"name\":\"JST\",\"description\":\"Soluciones tecnol\u00f3gicas a medida\",\"publisher\":{\"@id\":\"https:\/\/jst.es\/#organization\"},\"potentialAction\":[{\"@type\":\"SearchAction\",\"target\":{\"@type\":\"EntryPoint\",\"urlTemplate\":\"https:\/\/jst.es\/?s={search_term_string}\"},\"query-input\":{\"@type\":\"PropertyValueSpecification\",\"valueRequired\":true,\"valueName\":\"search_term_string\"}}],\"inLanguage\":\"en-GB\"},{\"@type\":\"Organization\",\"@id\":\"https:\/\/jst.es\/#organization\",\"name\":\"JST\",\"url\":\"https:\/\/jst.es\/\",\"logo\":{\"@type\":\"ImageObject\",\"inLanguage\":\"en-GB\",\"@id\":\"https:\/\/jst.es\/#\/schema\/logo\/image\/\",\"url\":\"https:\/\/jst.es\/wp-content\/uploads\/2025\/05\/logo-jst.png\",\"contentUrl\":\"https:\/\/jst.es\/wp-content\/uploads\/2025\/05\/logo-jst.png\",\"width\":250,\"height\":77,\"caption\":\"JST\"},\"image\":{\"@id\":\"https:\/\/jst.es\/#\/schema\/logo\/image\/\"}}]}<\/script>\n<!-- \/ Yoast SEO plugin. -->","yoast_head_json":{"title":"Industry &amp; Applications - JST","robots":{"index":"index","follow":"follow","max-snippet":"max-snippet:-1","max-image-preview":"max-image-preview:large","max-video-preview":"max-video-preview:-1"},"canonical":"https:\/\/jst.es\/en\/industry-applications\/","og_locale":"en_GB","og_type":"article","og_title":"Industry &amp; Applications - JST","og_description":"Japanese Solderless Terminal, JST, understands that every project is unique. That is why its connectors are designed to adapt to a wide range of applications in the electrical and electronic industries. Thanks to their versatility and reliability, JST has become a preferred choice in sectors such as medical and industrial, helping to drive innovation and [&hellip;]","og_url":"https:\/\/jst.es\/en\/industry-applications\/","og_site_name":"JST","article_modified_time":"2026-01-28T10:02:47+00:00","og_image":[{"url":"https:\/\/maensystems.net\/jst\/wp-content\/uploads\/2025\/06\/automobile.webp","type":"","width":"","height":""}],"twitter_card":"summary_large_image","twitter_misc":{"Estimated reading time":"2 minutes"},"schema":{"@context":"https:\/\/schema.org","@graph":[{"@type":"WebPage","@id":"https:\/\/jst.es\/en\/industry-applications\/","url":"https:\/\/jst.es\/en\/industry-applications\/","name":"Industry &amp; Applications - JST","isPartOf":{"@id":"https:\/\/jst.es\/#website"},"primaryImageOfPage":{"@id":"https:\/\/jst.es\/en\/industry-applications\/#primaryimage"},"image":{"@id":"https:\/\/jst.es\/en\/industry-applications\/#primaryimage"},"thumbnailUrl":"https:\/\/maensystems.net\/jst\/wp-content\/uploads\/2025\/06\/automobile.webp","datePublished":"2025-05-27T15:51:38+00:00","dateModified":"2026-01-28T10:02:47+00:00","breadcrumb":{"@id":"https:\/\/jst.es\/en\/industry-applications\/#breadcrumb"},"inLanguage":"en-GB","potentialAction":[{"@type":"ReadAction","target":["https:\/\/jst.es\/en\/industry-applications\/"]}]},{"@type":"ImageObject","inLanguage":"en-GB","@id":"https:\/\/jst.es\/en\/industry-applications\/#primaryimage","url":"https:\/\/maensystems.net\/jst\/wp-content\/uploads\/2025\/06\/automobile.webp","contentUrl":"https:\/\/maensystems.net\/jst\/wp-content\/uploads\/2025\/06\/automobile.webp"},{"@type":"BreadcrumbList","@id":"https:\/\/jst.es\/en\/industry-applications\/#breadcrumb","itemListElement":[{"@type":"ListItem","position":1,"name":"Portada","item":"https:\/\/jst.es\/en\/home\/"},{"@type":"ListItem","position":2,"name":"Industry &amp; Applications"}]},{"@type":"WebSite","@id":"https:\/\/jst.es\/#website","url":"https:\/\/jst.es\/","name":"JST","description":"Soluciones tecnol\u00f3gicas a medida","publisher":{"@id":"https:\/\/jst.es\/#organization"},"potentialAction":[{"@type":"SearchAction","target":{"@type":"EntryPoint","urlTemplate":"https:\/\/jst.es\/?s={search_term_string}"},"query-input":{"@type":"PropertyValueSpecification","valueRequired":true,"valueName":"search_term_string"}}],"inLanguage":"en-GB"},{"@type":"Organization","@id":"https:\/\/jst.es\/#organization","name":"JST","url":"https:\/\/jst.es\/","logo":{"@type":"ImageObject","inLanguage":"en-GB","@id":"https:\/\/jst.es\/#\/schema\/logo\/image\/","url":"https:\/\/jst.es\/wp-content\/uploads\/2025\/05\/logo-jst.png","contentUrl":"https:\/\/jst.es\/wp-content\/uploads\/2025\/05\/logo-jst.png","width":250,"height":77,"caption":"JST"},"image":{"@id":"https:\/\/jst.es\/#\/schema\/logo\/image\/"}}]}},"_links":{"self":[{"href":"https:\/\/jst.es\/en\/wp-json\/wp\/v2\/pages\/55031","targetHints":{"allow":["GET"]}}],"collection":[{"href":"https:\/\/jst.es\/en\/wp-json\/wp\/v2\/pages"}],"about":[{"href":"https:\/\/jst.es\/en\/wp-json\/wp\/v2\/types\/page"}],"author":[{"embeddable":true,"href":"https:\/\/jst.es\/en\/wp-json\/wp\/v2\/users\/1"}],"replies":[{"embeddable":true,"href":"https:\/\/jst.es\/en\/wp-json\/wp\/v2\/comments?post=55031"}],"version-history":[{"count":1,"href":"https:\/\/jst.es\/en\/wp-json\/wp\/v2\/pages\/55031\/revisions"}],"predecessor-version":[{"id":55033,"href":"https:\/\/jst.es\/en\/wp-json\/wp\/v2\/pages\/55031\/revisions\/55033"}],"wp:attachment":[{"href":"https:\/\/jst.es\/en\/wp-json\/wp\/v2\/media?parent=55031"}],"curies":[{"name":"wp","href":"https:\/\/api.w.org\/{rel}","templated":true}]}}