{"id":54353,"date":"2025-05-29T09:04:38","date_gmt":"2025-05-29T07:04:38","guid":{"rendered":"https:\/\/jst.es\/contato\/"},"modified":"2026-01-28T09:40:06","modified_gmt":"2026-01-28T08:40:06","slug":"contato","status":"publish","type":"page","link":"https:\/\/jst.es\/pt-pt\/contato\/","title":{"rendered":"Contato"},"content":{"rendered":"\t\t<div data-elementor-type=\"wp-page\" data-elementor-id=\"54353\" class=\"elementor elementor-54353 elementor-887\" data-elementor-post-type=\"page\">\n\t\t\t\t\t\t<section class=\"elementor-section elementor-top-section elementor-element elementor-element-eb56b7d elementor-section-boxed elementor-section-height-default elementor-section-height-default\" data-id=\"eb56b7d\" data-element_type=\"section\" data-e-type=\"section\" data-settings=\"{&quot;background_background&quot;:&quot;classic&quot;}\">\n\t\t\t\t\t\t<div class=\"elementor-container elementor-column-gap-default\">\n\t\t\t\t\t<div class=\"elementor-column elementor-col-100 elementor-top-column elementor-element elementor-element-4ce24e0\" data-id=\"4ce24e0\" data-element_type=\"column\" data-e-type=\"column\" data-settings=\"{&quot;background_background&quot;:&quot;classic&quot;}\">\n\t\t\t<div class=\"elementor-widget-wrap elementor-element-populated\">\n\t\t\t\t\t\t<div class=\"elementor-element elementor-element-9beec27 elementor-widget elementor-widget-heading\" data-id=\"9beec27\" data-element_type=\"widget\" data-e-type=\"widget\" data-widget_type=\"heading.default\">\n\t\t\t\t<div class=\"elementor-widget-container\">\n\t\t\t\t\t<h1 class=\"elementor-heading-title elementor-size-default\">Contacte-nos<\/h1>\t\t\t\t<\/div>\n\t\t\t\t<\/div>\n\t\t\t\t<section class=\"elementor-section elementor-inner-section elementor-element elementor-element-800a6ef elementor-section-boxed elementor-section-height-default elementor-section-height-default\" data-id=\"800a6ef\" data-element_type=\"section\" data-e-type=\"section\">\n\t\t\t\t\t\t<div class=\"elementor-container elementor-column-gap-default\">\n\t\t\t\t\t<div class=\"elementor-column elementor-col-100 elementor-inner-column elementor-element elementor-element-fb0d196\" data-id=\"fb0d196\" data-element_type=\"column\" data-e-type=\"column\">\n\t\t\t<div class=\"elementor-widget-wrap elementor-element-populated\">\n\t\t\t\t\t\t<div class=\"elementor-element elementor-element-6ff9477 elementor-widget elementor-widget-text-editor\" data-id=\"6ff9477\" data-element_type=\"widget\" data-e-type=\"widget\" data-widget_type=\"text-editor.default\">\n\t\t\t\t<div class=\"elementor-widget-container\">\n\t\t\t\t\t\t\t\t\tA <strong><span style=\"color: #009b42;\">equipa comercial da JST<\/span><\/strong> Espanha est\u00e1 organizada de forma a prestar suporte t\u00e9cnico e aconselhamento de maneira r\u00e1pida e eficaz, independentemente da localiza\u00e7\u00e3o da sua empresa. Ter\u00e1 sempre uma pessoa que entrar\u00e1 diretamente em contacto consigo.\t\t\t\t\t\t\t\t<\/div>\n\t\t\t\t<\/div>\n\t\t\t\t\t<\/div>\n\t\t<\/div>\n\t\t\t\t\t<\/div>\n\t\t<\/section>\n\t\t\t\t<section class=\"elementor-section elementor-inner-section elementor-element elementor-element-42bb996 elementor-section-boxed elementor-section-height-default elementor-section-height-default\" data-id=\"42bb996\" data-element_type=\"section\" data-e-type=\"section\">\n\t\t\t\t\t\t<div class=\"elementor-container elementor-column-gap-default\">\n\t\t\t\t\t<div class=\"elementor-column elementor-col-50 elementor-inner-column elementor-element elementor-element-2fe8160\" data-id=\"2fe8160\" data-element_type=\"column\" data-e-type=\"column\">\n\t\t\t<div class=\"elementor-widget-wrap elementor-element-populated\">\n\t\t\t\t\t\t<div class=\"elementor-element elementor-element-0577675 elementor-button-align-stretch elementor-widget elementor-widget-form\" data-id=\"0577675\" data-element_type=\"widget\" data-e-type=\"widget\" data-settings=\"{&quot;step_next_label&quot;:&quot;Seguinte&quot;,&quot;step_previous_label&quot;:&quot;Anterior&quot;,&quot;button_width&quot;:&quot;100&quot;,&quot;step_type&quot;:&quot;number_text&quot;,&quot;step_icon_shape&quot;:&quot;circle&quot;}\" data-widget_type=\"form.default\">\n\t\t\t\t<div class=\"elementor-widget-container\">\n\t\t\t\t\t\t\t<form class=\"elementor-form\" method=\"post\" name=\"Formulario home\" aria-label=\"Formulario home\">\n\t\t\t<input type=\"hidden\" name=\"post_id\" value=\"54353\"\/>\n\t\t\t<input type=\"hidden\" name=\"form_id\" value=\"0577675\"\/>\n\t\t\t<input type=\"hidden\" name=\"referer_title\" value=\"Contacto JST Espanha | Suporte t\u00e9cnico e aconselhamento\" \/>\n\n\t\t\t\t\t\t\t<input type=\"hidden\" name=\"queried_id\" value=\"54353\"\/>\n\t\t\t\n\t\t\t<div class=\"elementor-form-fields-wrapper elementor-labels-above\">\n\t\t\t\t\t\t\t\t<div class=\"elementor-field-type-text elementor-field-group elementor-column elementor-field-group-name elementor-col-50 elementor-field-required elementor-mark-required\">\n\t\t\t\t\t\t\t\t\t\t\t\t<label for=\"form-field-name\" class=\"elementor-field-label\">\n\t\t\t\t\t\t\t\tNome\t\t\t\t\t\t\t<\/label>\n\t\t\t\t\t\t\t\t\t\t\t\t\t\t<input size=\"1\" type=\"text\" name=\"form_fields[name]\" id=\"form-field-name\" class=\"elementor-field elementor-size-sm  elementor-field-textual\" placeholder=\"Escreva o seu nome\" required=\"required\">\n\t\t\t\t\t\t\t\t\t\t\t<\/div>\n\t\t\t\t\t\t\t\t<div class=\"elementor-field-type-text elementor-field-group elementor-column elementor-field-group-field_f7648d5 elementor-col-50 elementor-field-required elementor-mark-required\">\n\t\t\t\t\t\t\t\t\t\t\t\t<label for=\"form-field-field_f7648d5\" class=\"elementor-field-label\">\n\t\t\t\t\t\t\t\tApelidos\t\t\t\t\t\t\t<\/label>\n\t\t\t\t\t\t\t\t\t\t\t\t\t\t<input size=\"1\" type=\"text\" name=\"form_fields[field_f7648d5]\" id=\"form-field-field_f7648d5\" class=\"elementor-field elementor-size-sm  elementor-field-textual\" placeholder=\"Escreva os seus apelidos\" required=\"required\">\n\t\t\t\t\t\t\t\t\t\t\t<\/div>\n\t\t\t\t\t\t\t\t<div class=\"elementor-field-type-email elementor-field-group elementor-column elementor-field-group-email elementor-col-100 elementor-field-required elementor-mark-required\">\n\t\t\t\t\t\t\t\t\t\t\t\t<label for=\"form-field-email\" class=\"elementor-field-label\">\n\t\t\t\t\t\t\t\tCorreio eletr\u00f3nico\t\t\t\t\t\t\t<\/label>\n\t\t\t\t\t\t\t\t\t\t\t\t\t\t<input size=\"1\" type=\"email\" name=\"form_fields[email]\" id=\"form-field-email\" class=\"elementor-field elementor-size-sm  elementor-field-textual\" placeholder=\"exemplo@email.com\" required=\"required\">\n\t\t\t\t\t\t\t\t\t\t\t<\/div>\n\t\t\t\t\t\t\t\t<div class=\"elementor-field-type-textarea elementor-field-group elementor-column elementor-field-group-message elementor-col-100\">\n\t\t\t\t\t\t\t\t\t\t\t\t<label for=\"form-field-message\" class=\"elementor-field-label\">\n\t\t\t\t\t\t\t\tMensagem\t\t\t\t\t\t\t<\/label>\n\t\t\t\t\t\t<textarea class=\"elementor-field-textual elementor-field  elementor-size-sm\" name=\"form_fields[message]\" id=\"form-field-message\" rows=\"4\" placeholder=\"Mensagem\"><\/textarea>\t\t\t\t<\/div>\n\t\t\t\t\t\t\t\t<div class=\"elementor-field-type-html elementor-field-group elementor-column elementor-field-group-field_7416434 elementor-col-100\">\n\t\t\t\t\t<div style=\"  font-size: 11px; line-height: 1.4; color: #555; max-height: 140px; overflow-y: scroll; padding: 10px; border: 1px solid #ddd; border-radius: 4px;  \">\n Os dados de car\u00e1cter pessoal que nos fornece ser\u00e3o tratados em conformidade com o disposto no Regulamento Europeu 2016\/679 (RGPD) e na Lei Org\u00e2nica de Prote\u00e7\u00e3o de Dados Pessoais e Garantia dos Direitos Digitais, e ser\u00e3o inclu\u00eddos num ficheiro cujo respons\u00e1vel pelo tratamento \u00e9 a J.S.T. ESPA\u00d1A, S.A., com a finalidade de dar resposta \u00e0 sua consulta ou pedido, com o respetivo acompanhamento.\n  <br><br> O fundamento legal para o tratamento dos seus dados \u00e9 o seu consentimento. Deve saber que pode revogar este consentimento a qualquer momento.\n (<a href=\"https:\/\/jst.es\/pt-pt\/politica-de-privacidade\/#cuales_son_derechos\" target=\"_blank\" rel=\"noopener noreferrer\">Consulte o ponto quais s\u00e3o os seus direitos<\/a>). \n  <br><br> N\u00e3o ser\u00e3o cedidos a terceiros, salvo por obriga\u00e7\u00e3o legal. Pode exercer os seus direitos de acesso, retifica\u00e7\u00e3o, supress\u00e3o, portabilidade dos seus dados, limita\u00e7\u00e3o ou oposi\u00e7\u00e3o ao tratamento dos seus dados e, se aplic\u00e1vel, revogar o seu consentimento, dirigindo-se \u00e0 J.S.T. ESPA\u00d1A, S.A., C\/ Vilatort, n\u00ba 20, Pol. Ind. Coll de Montcada, 08110, Montcada i Reixac, Barcelona (Espanha) ou para <a href=\"mailto:jst@jst.es\">jst@jst.es<\/a>.   \n  <br><br> Se o desejar, pode consultar informa\u00e7\u00e3o adicional e detalhada sobre Prote\u00e7\u00e3o de Dados no \n <a href=\"https:\/\/jst.es\/pt-pt\/aviso-legal\/\" target=\"_blank\" rel=\"noopener noreferrer\">Aviso Legal<\/a> e na \n <a href=\"https:\/\/jst.es\/pt-pt\/politica-de-privacidade\/\" target=\"_blank\" rel=\"noopener noreferrer\">Pol\u00edtica de Privacidade<\/a>.\n<\/div>\n\t\t\t\t<\/div>\n\t\t\t\t\t\t\t\t<div class=\"elementor-field-type-acceptance elementor-field-group elementor-column elementor-field-group-field_935c96c elementor-col-100 elementor-field-required elementor-mark-required\">\n\t\t\t\t\t\t\t<div class=\"elementor-field-subgroup\">\n\t\t\t<span class=\"elementor-field-option\">\n\t\t\t\t<input type=\"checkbox\" name=\"form_fields[field_935c96c]\" id=\"form-field-field_935c96c\" class=\"elementor-field elementor-size-sm  elementor-acceptance-field\" required=\"required\">\n\t\t\t\t<label for=\"form-field-field_935c96c\"><span class=\"texto-politica\">\n Li e aceito o <a href=\"https:\/\/jst.es\/pt-pt\/aviso-legal\/\" target=\"_blank\" rel=\"noopener noreferrer\">\n Aviso legal\n<\/a> e a \n <a href=\"https:\/\/jst.es\/pt-pt\/politica-de-privacidade\/\" target=\"_blank\" rel=\"noopener noreferrer\">\n Pol\u00edtica de Privacidade\n<\/a> \n<\/span>\n<\/label>\t\t\t<\/span>\n\t\t<\/div>\n\t\t\t\t\t\t<\/div>\n\t\t\t\t\t\t\t\t<div class=\"elementor-field-type-text\">\n\t\t\t\t\t<input size=\"1\" type=\"text\" name=\"form_fields[field_9aa1e92]\" id=\"form-field-field_9aa1e92\" class=\"elementor-field elementor-size-sm \" style=\"display:none !important;\">\t\t\t\t<\/div>\n\t\t\t\t\t\t\t\t<div class=\"elementor-field-type-recaptcha_v3 elementor-field-group elementor-column elementor-field-group-field_173cd66 elementor-col-100 recaptcha_v3-inline\">\n\t\t\t\t\t<div class=\"elementor-field\" id=\"form-field-field_173cd66\"><div class=\"elementor-g-recaptcha\" data-sitekey=\"6Lf4yjAsAAAAAHaZNJaHI55WCgGJZvyBkz2jUChH\" data-type=\"v3\" data-action=\"Form\" data-badge=\"inline\" data-size=\"invisible\"><\/div><\/div>\t\t\t\t<\/div>\n\t\t\t\t\t\t\t\t<div class=\"elementor-field-group elementor-column elementor-field-type-submit elementor-col-100 e-form__buttons\">\n\t\t\t\t\t<button class=\"elementor-button elementor-size-sm\" type=\"submit\">\n\t\t\t\t\t\t<span class=\"elementor-button-content-wrapper\">\n\t\t\t\t\t\t\t\t\t\t\t\t\t\t\t\t\t\t\t\t\t\t<span class=\"elementor-button-text\">Enviar<\/span>\n\t\t\t\t\t\t\t\t\t\t\t\t\t<\/span>\n\t\t\t\t\t<\/button>\n\t\t\t\t<\/div>\n\t\t\t<\/div>\n\t\t<\/form>\n\t\t\t\t\t\t<\/div>\n\t\t\t\t<\/div>\n\t\t\t\t\t<\/div>\n\t\t<\/div>\n\t\t\t\t<div class=\"elementor-column elementor-col-50 elementor-inner-column elementor-element elementor-element-886d48c\" data-id=\"886d48c\" data-element_type=\"column\" data-e-type=\"column\">\n\t\t\t<div class=\"elementor-widget-wrap elementor-element-populated\">\n\t\t\t\t\t\t<div class=\"elementor-element elementor-element-05322a9 elementor-widget elementor-widget-google_maps\" data-id=\"05322a9\" data-element_type=\"widget\" data-e-type=\"widget\" data-widget_type=\"google_maps.default\">\n\t\t\t\t<div class=\"elementor-widget-container\">\n\t\t\t\t\t\t\t<div class=\"elementor-custom-embed\">\n\t\t\t<iframe loading=\"lazy\"\n\t\t\t\t\tsrc=\"https:\/\/maps.google.com\/maps?q=JST%20Pol.%20Ind.%20Coll%20de%20Montcada%20C%2F%20Vilatort%2C%2020%20-%20MONTCADA%20I%20REIXAC%2008110%20BARCELONA&#038;t=m&#038;z=12&#038;output=embed&#038;iwloc=near\"\n\t\t\t\t\ttitle=\"JST Pol. Ind. Coll de Montcada C\/ Vilatort, 20 - MONTCADA I REIXAC 08110 BARCELONA\"\n\t\t\t\t\taria-label=\"JST Pol. Ind. Coll de Montcada C\/ Vilatort, 20 - MONTCADA I REIXAC 08110 BARCELONA\"\n\t\t\t><\/iframe>\n\t\t<\/div>\n\t\t\t\t\t\t<\/div>\n\t\t\t\t<\/div>\n\t\t\t\t\t<\/div>\n\t\t<\/div>\n\t\t\t\t\t<\/div>\n\t\t<\/section>\n\t\t\t\t\t<\/div>\n\t\t<\/div>\n\t\t\t\t\t<\/div>\n\t\t<\/section>\n\t\t\t\t<\/div>\n\t\t","protected":false},"excerpt":{"rendered":"<p>Contacte-nos A equipa comercial da JST Espanha est\u00e1 organizada de forma a prestar suporte t\u00e9cnico e aconselhamento de maneira r\u00e1pida e eficaz, independentemente da localiza\u00e7\u00e3o da sua empresa. Ter\u00e1 sempre uma pessoa que entrar\u00e1 diretamente em contacto consigo.<\/p>\n","protected":false},"author":1,"featured_media":0,"parent":0,"menu_order":0,"comment_status":"closed","ping_status":"closed","template":"elementor_header_footer","meta":{"_acf_changed":false,"footnotes":""},"class_list":["post-54353","page","type-page","status-publish","hentry"],"acf":[],"yoast_head":"<!-- This site is optimized with the Yoast SEO plugin v27.2 - https:\/\/yoast.com\/product\/yoast-seo-wordpress\/ -->\n<title>Contacto JST Espanha | Suporte t\u00e9cnico e aconselhamento<\/title>\n<meta name=\"description\" content=\"Contacte a equipa da JST Espanha para suporte t\u00e9cnico e aconselhamento em conectores e sistemas de interconex\u00e3o. Resposta r\u00e1pida e personalizada.\" \/>\n<meta name=\"robots\" content=\"index, follow, max-snippet:-1, max-image-preview:large, max-video-preview:-1\" \/>\n<link rel=\"canonical\" href=\"https:\/\/jst.es\/pt-pt\/contato\/\" \/>\n<meta property=\"og:locale\" content=\"pt_PT\" \/>\n<meta property=\"og:type\" content=\"article\" \/>\n<meta property=\"og:title\" content=\"Contacto JST Espanha | Suporte t\u00e9cnico e aconselhamento\" \/>\n<meta property=\"og:description\" content=\"Contacte a equipa da JST Espanha para suporte t\u00e9cnico e aconselhamento em conectores e sistemas de interconex\u00e3o. Resposta r\u00e1pida e personalizada.\" \/>\n<meta property=\"og:url\" content=\"https:\/\/jst.es\/pt-pt\/contato\/\" \/>\n<meta property=\"og:site_name\" content=\"JST\" \/>\n<meta property=\"article:modified_time\" content=\"2026-01-28T08:40:06+00:00\" \/>\n<meta name=\"twitter:card\" content=\"summary_large_image\" \/>\n<script type=\"application\/ld+json\" class=\"yoast-schema-graph\">{\"@context\":\"https:\/\/schema.org\",\"@graph\":[{\"@type\":\"WebPage\",\"@id\":\"https:\/\/jst.es\/pt-pt\/contato\/\",\"url\":\"https:\/\/jst.es\/pt-pt\/contato\/\",\"name\":\"Contacto JST Espanha | Suporte t\u00e9cnico e aconselhamento\",\"isPartOf\":{\"@id\":\"https:\/\/jst.es\/#website\"},\"datePublished\":\"2025-05-29T07:04:38+00:00\",\"dateModified\":\"2026-01-28T08:40:06+00:00\",\"description\":\"Contacte a equipa da JST Espanha para suporte t\u00e9cnico e aconselhamento em conectores e sistemas de interconex\u00e3o. Resposta r\u00e1pida e personalizada.\",\"breadcrumb\":{\"@id\":\"https:\/\/jst.es\/pt-pt\/contato\/#breadcrumb\"},\"inLanguage\":\"pt-PT\",\"potentialAction\":[{\"@type\":\"ReadAction\",\"target\":[\"https:\/\/jst.es\/pt-pt\/contato\/\"]}]},{\"@type\":\"BreadcrumbList\",\"@id\":\"https:\/\/jst.es\/pt-pt\/contato\/#breadcrumb\",\"itemListElement\":[{\"@type\":\"ListItem\",\"position\":1,\"name\":\"Portada\",\"item\":\"https:\/\/jst.es\/pt-pt\/inicio\/\"},{\"@type\":\"ListItem\",\"position\":2,\"name\":\"Contato\"}]},{\"@type\":\"WebSite\",\"@id\":\"https:\/\/jst.es\/#website\",\"url\":\"https:\/\/jst.es\/\",\"name\":\"JST\",\"description\":\"Soluciones tecnol\u00f3gicas a medida\",\"publisher\":{\"@id\":\"https:\/\/jst.es\/#organization\"},\"potentialAction\":[{\"@type\":\"SearchAction\",\"target\":{\"@type\":\"EntryPoint\",\"urlTemplate\":\"https:\/\/jst.es\/?s={search_term_string}\"},\"query-input\":{\"@type\":\"PropertyValueSpecification\",\"valueRequired\":true,\"valueName\":\"search_term_string\"}}],\"inLanguage\":\"pt-PT\"},{\"@type\":\"Organization\",\"@id\":\"https:\/\/jst.es\/#organization\",\"name\":\"JST\",\"url\":\"https:\/\/jst.es\/\",\"logo\":{\"@type\":\"ImageObject\",\"inLanguage\":\"pt-PT\",\"@id\":\"https:\/\/jst.es\/#\/schema\/logo\/image\/\",\"url\":\"https:\/\/jst.es\/wp-content\/uploads\/2025\/05\/logo-jst.png\",\"contentUrl\":\"https:\/\/jst.es\/wp-content\/uploads\/2025\/05\/logo-jst.png\",\"width\":250,\"height\":77,\"caption\":\"JST\"},\"image\":{\"@id\":\"https:\/\/jst.es\/#\/schema\/logo\/image\/\"}}]}<\/script>\n<!-- \/ Yoast SEO plugin. -->","yoast_head_json":{"title":"Contacto JST Espanha | Suporte t\u00e9cnico e aconselhamento","description":"Contacte a equipa da JST Espanha para suporte t\u00e9cnico e aconselhamento em conectores e sistemas de interconex\u00e3o. Resposta r\u00e1pida e personalizada.","robots":{"index":"index","follow":"follow","max-snippet":"max-snippet:-1","max-image-preview":"max-image-preview:large","max-video-preview":"max-video-preview:-1"},"canonical":"https:\/\/jst.es\/pt-pt\/contato\/","og_locale":"pt_PT","og_type":"article","og_title":"Contacto JST Espanha | Suporte t\u00e9cnico e aconselhamento","og_description":"Contacte a equipa da JST Espanha para suporte t\u00e9cnico e aconselhamento em conectores e sistemas de interconex\u00e3o. Resposta r\u00e1pida e personalizada.","og_url":"https:\/\/jst.es\/pt-pt\/contato\/","og_site_name":"JST","article_modified_time":"2026-01-28T08:40:06+00:00","twitter_card":"summary_large_image","schema":{"@context":"https:\/\/schema.org","@graph":[{"@type":"WebPage","@id":"https:\/\/jst.es\/pt-pt\/contato\/","url":"https:\/\/jst.es\/pt-pt\/contato\/","name":"Contacto JST Espanha | Suporte t\u00e9cnico e aconselhamento","isPartOf":{"@id":"https:\/\/jst.es\/#website"},"datePublished":"2025-05-29T07:04:38+00:00","dateModified":"2026-01-28T08:40:06+00:00","description":"Contacte a equipa da JST Espanha para suporte t\u00e9cnico e aconselhamento em conectores e sistemas de interconex\u00e3o. Resposta r\u00e1pida e personalizada.","breadcrumb":{"@id":"https:\/\/jst.es\/pt-pt\/contato\/#breadcrumb"},"inLanguage":"pt-PT","potentialAction":[{"@type":"ReadAction","target":["https:\/\/jst.es\/pt-pt\/contato\/"]}]},{"@type":"BreadcrumbList","@id":"https:\/\/jst.es\/pt-pt\/contato\/#breadcrumb","itemListElement":[{"@type":"ListItem","position":1,"name":"Portada","item":"https:\/\/jst.es\/pt-pt\/inicio\/"},{"@type":"ListItem","position":2,"name":"Contato"}]},{"@type":"WebSite","@id":"https:\/\/jst.es\/#website","url":"https:\/\/jst.es\/","name":"JST","description":"Soluciones tecnol\u00f3gicas a medida","publisher":{"@id":"https:\/\/jst.es\/#organization"},"potentialAction":[{"@type":"SearchAction","target":{"@type":"EntryPoint","urlTemplate":"https:\/\/jst.es\/?s={search_term_string}"},"query-input":{"@type":"PropertyValueSpecification","valueRequired":true,"valueName":"search_term_string"}}],"inLanguage":"pt-PT"},{"@type":"Organization","@id":"https:\/\/jst.es\/#organization","name":"JST","url":"https:\/\/jst.es\/","logo":{"@type":"ImageObject","inLanguage":"pt-PT","@id":"https:\/\/jst.es\/#\/schema\/logo\/image\/","url":"https:\/\/jst.es\/wp-content\/uploads\/2025\/05\/logo-jst.png","contentUrl":"https:\/\/jst.es\/wp-content\/uploads\/2025\/05\/logo-jst.png","width":250,"height":77,"caption":"JST"},"image":{"@id":"https:\/\/jst.es\/#\/schema\/logo\/image\/"}}]}},"_links":{"self":[{"href":"https:\/\/jst.es\/pt-pt\/wp-json\/wp\/v2\/pages\/54353","targetHints":{"allow":["GET"]}}],"collection":[{"href":"https:\/\/jst.es\/pt-pt\/wp-json\/wp\/v2\/pages"}],"about":[{"href":"https:\/\/jst.es\/pt-pt\/wp-json\/wp\/v2\/types\/page"}],"author":[{"embeddable":true,"href":"https:\/\/jst.es\/pt-pt\/wp-json\/wp\/v2\/users\/1"}],"replies":[{"embeddable":true,"href":"https:\/\/jst.es\/pt-pt\/wp-json\/wp\/v2\/comments?post=54353"}],"version-history":[{"count":3,"href":"https:\/\/jst.es\/pt-pt\/wp-json\/wp\/v2\/pages\/54353\/revisions"}],"predecessor-version":[{"id":54985,"href":"https:\/\/jst.es\/pt-pt\/wp-json\/wp\/v2\/pages\/54353\/revisions\/54985"}],"wp:attachment":[{"href":"https:\/\/jst.es\/pt-pt\/wp-json\/wp\/v2\/media?parent=54353"}],"curies":[{"name":"wp","href":"https:\/\/api.w.org\/{rel}","templated":true}]}}