{"id":6205,"date":"2025-07-10T12:36:54","date_gmt":"2025-07-10T10:36:54","guid":{"rendered":"https:\/\/jst.es\/blogue\/"},"modified":"2026-01-27T12:28:13","modified_gmt":"2026-01-27T11:28:13","slug":"blogue","status":"publish","type":"page","link":"https:\/\/jst.es\/pt-pt\/blogue\/","title":{"rendered":"Blogue"},"content":{"rendered":"\t\t<div data-elementor-type=\"wp-page\" data-elementor-id=\"6205\" class=\"elementor elementor-6205 elementor-4553\" data-elementor-post-type=\"page\">\n\t\t\t\t\t\t<section class=\"elementor-section elementor-top-section elementor-element elementor-element-7d2b4f3 elementor-section-boxed elementor-section-height-default elementor-section-height-default\" data-id=\"7d2b4f3\" data-element_type=\"section\" data-e-type=\"section\" data-settings=\"{&quot;background_background&quot;:&quot;classic&quot;}\">\n\t\t\t\t\t\t<div class=\"elementor-container elementor-column-gap-default\">\n\t\t\t\t\t<div class=\"elementor-column elementor-col-100 elementor-top-column elementor-element elementor-element-d07c90b\" data-id=\"d07c90b\" data-element_type=\"column\" data-e-type=\"column\">\n\t\t\t<div class=\"elementor-widget-wrap elementor-element-populated\">\n\t\t\t\t\t\t<div class=\"elementor-element elementor-element-0b407a6 elementor-widget elementor-widget-heading\" data-id=\"0b407a6\" data-element_type=\"widget\" data-e-type=\"widget\" data-widget_type=\"heading.default\">\n\t\t\t\t<div class=\"elementor-widget-container\">\n\t\t\t\t\t<h1 class=\"elementor-heading-title elementor-size-default\">Blog t\u00e9cnico sobre conectores e eletr\u00f4nica<\/h1>\t\t\t\t<\/div>\n\t\t\t\t<\/div>\n\t\t\t\t\t<\/div>\n\t\t<\/div>\n\t\t\t\t\t<\/div>\n\t\t<\/section>\n\t\t\t\t<\/div>\n\t\t","protected":false},"excerpt":{"rendered":"<p>Blog t\u00e9cnico sobre conectores e eletr\u00f4nica<\/p>\n","protected":false},"author":1,"featured_media":0,"parent":0,"menu_order":0,"comment_status":"closed","ping_status":"closed","template":"elementor_header_footer","meta":{"_acf_changed":false,"footnotes":""},"class_list":["post-6205","page","type-page","status-publish","hentry"],"acf":[],"yoast_head":"<!-- This site is optimized with the Yoast SEO plugin v27.2 - https:\/\/yoast.com\/product\/yoast-seo-wordpress\/ -->\n<title>Blog t\u00e9cnico sobre conectores e eletr\u00f4nica | JST Espanha<\/title>\n<meta name=\"description\" content=\"Artigos t\u00e9cnicos sobre conectores, terminais e aplica\u00e7\u00f5es eletr\u00f4nicas. Guias, conceitos e solu\u00e7\u00f5es da JST Espanha.\" \/>\n<meta name=\"robots\" content=\"index, follow, max-snippet:-1, max-image-preview:large, max-video-preview:-1\" \/>\n<link rel=\"canonical\" href=\"https:\/\/jst.es\/pt-pt\/blogue\/\" \/>\n<meta property=\"og:locale\" content=\"pt_PT\" \/>\n<meta property=\"og:type\" content=\"article\" \/>\n<meta property=\"og:title\" content=\"Blog t\u00e9cnico sobre conectores e eletr\u00f4nica | JST Espanha\" \/>\n<meta property=\"og:description\" content=\"Artigos t\u00e9cnicos sobre conectores, terminais e aplica\u00e7\u00f5es eletr\u00f4nicas. Guias, conceitos e solu\u00e7\u00f5es da JST Espanha.\" \/>\n<meta property=\"og:url\" content=\"https:\/\/jst.es\/pt-pt\/blogue\/\" \/>\n<meta property=\"og:site_name\" content=\"JST\" \/>\n<meta property=\"article:modified_time\" content=\"2026-01-27T11:28:13+00:00\" \/>\n<meta name=\"twitter:card\" content=\"summary_large_image\" \/>\n<script type=\"application\/ld+json\" class=\"yoast-schema-graph\">{\"@context\":\"https:\/\/schema.org\",\"@graph\":[{\"@type\":\"WebPage\",\"@id\":\"https:\/\/jst.es\/pt-pt\/blogue\/\",\"url\":\"https:\/\/jst.es\/pt-pt\/blogue\/\",\"name\":\"Blog t\u00e9cnico sobre conectores e eletr\u00f4nica | JST Espanha\",\"isPartOf\":{\"@id\":\"https:\/\/jst.es\/#website\"},\"datePublished\":\"2025-07-10T10:36:54+00:00\",\"dateModified\":\"2026-01-27T11:28:13+00:00\",\"description\":\"Artigos t\u00e9cnicos sobre conectores, terminais e aplica\u00e7\u00f5es eletr\u00f4nicas. Guias, conceitos e solu\u00e7\u00f5es da JST Espanha.\",\"breadcrumb\":{\"@id\":\"https:\/\/jst.es\/pt-pt\/blogue\/#breadcrumb\"},\"inLanguage\":\"pt-PT\",\"potentialAction\":[{\"@type\":\"ReadAction\",\"target\":[\"https:\/\/jst.es\/pt-pt\/blogue\/\"]}]},{\"@type\":\"BreadcrumbList\",\"@id\":\"https:\/\/jst.es\/pt-pt\/blogue\/#breadcrumb\",\"itemListElement\":[{\"@type\":\"ListItem\",\"position\":1,\"name\":\"Portada\",\"item\":\"https:\/\/jst.es\/pt-pt\/inicio\/\"},{\"@type\":\"ListItem\",\"position\":2,\"name\":\"Blogue\"}]},{\"@type\":\"WebSite\",\"@id\":\"https:\/\/jst.es\/#website\",\"url\":\"https:\/\/jst.es\/\",\"name\":\"JST\",\"description\":\"Soluciones tecnol\u00f3gicas a medida\",\"publisher\":{\"@id\":\"https:\/\/jst.es\/#organization\"},\"potentialAction\":[{\"@type\":\"SearchAction\",\"target\":{\"@type\":\"EntryPoint\",\"urlTemplate\":\"https:\/\/jst.es\/?s={search_term_string}\"},\"query-input\":{\"@type\":\"PropertyValueSpecification\",\"valueRequired\":true,\"valueName\":\"search_term_string\"}}],\"inLanguage\":\"pt-PT\"},{\"@type\":\"Organization\",\"@id\":\"https:\/\/jst.es\/#organization\",\"name\":\"JST\",\"url\":\"https:\/\/jst.es\/\",\"logo\":{\"@type\":\"ImageObject\",\"inLanguage\":\"pt-PT\",\"@id\":\"https:\/\/jst.es\/#\/schema\/logo\/image\/\",\"url\":\"https:\/\/jst.es\/wp-content\/uploads\/2025\/05\/logo-jst.png\",\"contentUrl\":\"https:\/\/jst.es\/wp-content\/uploads\/2025\/05\/logo-jst.png\",\"width\":250,\"height\":77,\"caption\":\"JST\"},\"image\":{\"@id\":\"https:\/\/jst.es\/#\/schema\/logo\/image\/\"}}]}<\/script>\n<!-- \/ Yoast SEO plugin. -->","yoast_head_json":{"title":"Blog t\u00e9cnico sobre conectores e eletr\u00f4nica | JST Espanha","description":"Artigos t\u00e9cnicos sobre conectores, terminais e aplica\u00e7\u00f5es eletr\u00f4nicas. Guias, conceitos e solu\u00e7\u00f5es da JST Espanha.","robots":{"index":"index","follow":"follow","max-snippet":"max-snippet:-1","max-image-preview":"max-image-preview:large","max-video-preview":"max-video-preview:-1"},"canonical":"https:\/\/jst.es\/pt-pt\/blogue\/","og_locale":"pt_PT","og_type":"article","og_title":"Blog t\u00e9cnico sobre conectores e eletr\u00f4nica | JST Espanha","og_description":"Artigos t\u00e9cnicos sobre conectores, terminais e aplica\u00e7\u00f5es eletr\u00f4nicas. Guias, conceitos e solu\u00e7\u00f5es da JST Espanha.","og_url":"https:\/\/jst.es\/pt-pt\/blogue\/","og_site_name":"JST","article_modified_time":"2026-01-27T11:28:13+00:00","twitter_card":"summary_large_image","schema":{"@context":"https:\/\/schema.org","@graph":[{"@type":"WebPage","@id":"https:\/\/jst.es\/pt-pt\/blogue\/","url":"https:\/\/jst.es\/pt-pt\/blogue\/","name":"Blog t\u00e9cnico sobre conectores e eletr\u00f4nica | JST Espanha","isPartOf":{"@id":"https:\/\/jst.es\/#website"},"datePublished":"2025-07-10T10:36:54+00:00","dateModified":"2026-01-27T11:28:13+00:00","description":"Artigos t\u00e9cnicos sobre conectores, terminais e aplica\u00e7\u00f5es eletr\u00f4nicas. Guias, conceitos e solu\u00e7\u00f5es da JST Espanha.","breadcrumb":{"@id":"https:\/\/jst.es\/pt-pt\/blogue\/#breadcrumb"},"inLanguage":"pt-PT","potentialAction":[{"@type":"ReadAction","target":["https:\/\/jst.es\/pt-pt\/blogue\/"]}]},{"@type":"BreadcrumbList","@id":"https:\/\/jst.es\/pt-pt\/blogue\/#breadcrumb","itemListElement":[{"@type":"ListItem","position":1,"name":"Portada","item":"https:\/\/jst.es\/pt-pt\/inicio\/"},{"@type":"ListItem","position":2,"name":"Blogue"}]},{"@type":"WebSite","@id":"https:\/\/jst.es\/#website","url":"https:\/\/jst.es\/","name":"JST","description":"Soluciones tecnol\u00f3gicas a medida","publisher":{"@id":"https:\/\/jst.es\/#organization"},"potentialAction":[{"@type":"SearchAction","target":{"@type":"EntryPoint","urlTemplate":"https:\/\/jst.es\/?s={search_term_string}"},"query-input":{"@type":"PropertyValueSpecification","valueRequired":true,"valueName":"search_term_string"}}],"inLanguage":"pt-PT"},{"@type":"Organization","@id":"https:\/\/jst.es\/#organization","name":"JST","url":"https:\/\/jst.es\/","logo":{"@type":"ImageObject","inLanguage":"pt-PT","@id":"https:\/\/jst.es\/#\/schema\/logo\/image\/","url":"https:\/\/jst.es\/wp-content\/uploads\/2025\/05\/logo-jst.png","contentUrl":"https:\/\/jst.es\/wp-content\/uploads\/2025\/05\/logo-jst.png","width":250,"height":77,"caption":"JST"},"image":{"@id":"https:\/\/jst.es\/#\/schema\/logo\/image\/"}}]}},"_links":{"self":[{"href":"https:\/\/jst.es\/pt-pt\/wp-json\/wp\/v2\/pages\/6205","targetHints":{"allow":["GET"]}}],"collection":[{"href":"https:\/\/jst.es\/pt-pt\/wp-json\/wp\/v2\/pages"}],"about":[{"href":"https:\/\/jst.es\/pt-pt\/wp-json\/wp\/v2\/types\/page"}],"author":[{"embeddable":true,"href":"https:\/\/jst.es\/pt-pt\/wp-json\/wp\/v2\/users\/1"}],"replies":[{"embeddable":true,"href":"https:\/\/jst.es\/pt-pt\/wp-json\/wp\/v2\/comments?post=6205"}],"version-history":[{"count":2,"href":"https:\/\/jst.es\/pt-pt\/wp-json\/wp\/v2\/pages\/6205\/revisions"}],"predecessor-version":[{"id":54898,"href":"https:\/\/jst.es\/pt-pt\/wp-json\/wp\/v2\/pages\/6205\/revisions\/54898"}],"wp:attachment":[{"href":"https:\/\/jst.es\/pt-pt\/wp-json\/wp\/v2\/media?parent=6205"}],"curies":[{"name":"wp","href":"https:\/\/api.w.org\/{rel}","templated":true}]}}