{"id":6232,"date":"2025-06-10T16:44:29","date_gmt":"2025-06-10T14:44:29","guid":{"rendered":"https:\/\/jst.es\/ferramentas\/"},"modified":"2026-01-28T10:01:43","modified_gmt":"2026-01-28T09:01:43","slug":"ferramentas","status":"publish","type":"page","link":"https:\/\/jst.es\/pt-pt\/ferramentas\/","title":{"rendered":"Ferramentas"},"content":{"rendered":"\t\t<div data-elementor-type=\"wp-page\" data-elementor-id=\"6232\" class=\"elementor elementor-6232 elementor-3490\" data-elementor-post-type=\"page\">\n\t\t\t\t\t\t<section class=\"elementor-section elementor-top-section elementor-element elementor-element-245288a elementor-section-boxed elementor-section-height-default elementor-section-height-default\" data-id=\"245288a\" data-element_type=\"section\" data-e-type=\"section\" data-settings=\"{&quot;background_background&quot;:&quot;classic&quot;}\">\n\t\t\t\t\t\t<div class=\"elementor-container elementor-column-gap-default\">\n\t\t\t\t\t<div class=\"elementor-column elementor-col-100 elementor-top-column elementor-element elementor-element-0ad7048\" data-id=\"0ad7048\" data-element_type=\"column\" data-e-type=\"column\">\n\t\t\t<div class=\"elementor-widget-wrap elementor-element-populated\">\n\t\t\t\t\t\t<section class=\"elementor-section elementor-inner-section elementor-element elementor-element-e390219 elementor-section-boxed elementor-section-height-default elementor-section-height-default\" data-id=\"e390219\" data-element_type=\"section\" data-e-type=\"section\">\n\t\t\t\t\t\t<div class=\"elementor-container elementor-column-gap-default\">\n\t\t\t\t\t<div class=\"elementor-column elementor-col-100 elementor-inner-column elementor-element elementor-element-0f7c7cc\" data-id=\"0f7c7cc\" data-element_type=\"column\" data-e-type=\"column\" data-settings=\"{&quot;background_background&quot;:&quot;classic&quot;}\">\n\t\t\t<div class=\"elementor-widget-wrap elementor-element-populated\">\n\t\t\t\t\t\t<div class=\"elementor-element elementor-element-fa935ab elementor-widget elementor-widget-text-editor\" data-id=\"fa935ab\" data-element_type=\"widget\" data-e-type=\"widget\" data-widget_type=\"text-editor.default\">\n\t\t\t\t<div class=\"elementor-widget-container\">\n\t\t\t\t\t\t\t\t\t<p><span style=\"color: #00853e;\"><strong>Na JST Equipos<\/strong><\/span>, especializamo-nos em oferecer uma vasta gama de m\u00e1quinas e ferramentas de alta qualidade, concebidas para satisfazer as necessidades de diversos setores industriais. A nossa miss\u00e3o \u00e9 fornecer solu\u00e7\u00f5es que n\u00e3o s\u00f3 impulsionem a sua produtividade, como tamb\u00e9m garantam a durabilidade e a efici\u00eancia nas suas opera\u00e7\u00f5es di\u00e1rias. <\/p>\t\t\t\t\t\t\t\t<\/div>\n\t\t\t\t<\/div>\n\t\t\t\t\t<\/div>\n\t\t<\/div>\n\t\t\t\t\t<\/div>\n\t\t<\/section>\n\t\t\t\t\t<\/div>\n\t\t<\/div>\n\t\t\t\t\t<\/div>\n\t\t<\/section>\n\t\t\t\t<section class=\"elementor-section elementor-top-section elementor-element elementor-element-bd2bba6 elementor-section-boxed elementor-section-height-default elementor-section-height-default\" data-id=\"bd2bba6\" data-element_type=\"section\" data-e-type=\"section\" data-settings=\"{&quot;background_background&quot;:&quot;classic&quot;}\">\n\t\t\t\t\t\t<div class=\"elementor-container elementor-column-gap-default\">\n\t\t\t\t\t<div class=\"elementor-column elementor-col-100 elementor-top-column elementor-element elementor-element-15f6c1b\" data-id=\"15f6c1b\" data-element_type=\"column\" data-e-type=\"column\" data-settings=\"{&quot;background_background&quot;:&quot;classic&quot;}\">\n\t\t\t<div class=\"elementor-widget-wrap elementor-element-populated\">\n\t\t\t\t\t\t<div class=\"elementor-element elementor-element-66d054d elementor-widget elementor-widget-heading\" data-id=\"66d054d\" data-element_type=\"widget\" data-e-type=\"widget\" data-widget_type=\"heading.default\">\n\t\t\t\t<div class=\"elementor-widget-container\">\n\t\t\t\t\t<h2 class=\"elementor-heading-title elementor-size-default\">Variedade de Ferramentas para Todas as Suas Necessidades<\/h2>\t\t\t\t<\/div>\n\t\t\t\t<\/div>\n\t\t\t\t<div class=\"elementor-element elementor-element-a43dc08 elementor-widget elementor-widget-text-editor\" data-id=\"a43dc08\" data-element_type=\"widget\" data-e-type=\"widget\" data-widget_type=\"text-editor.default\">\n\t\t\t\t<div class=\"elementor-widget-container\">\n\t\t\t\t\t\t\t\t\t<p>Na JST Equipos, encontrar\u00e1 uma vasta sele\u00e7\u00e3o de ferramentas para diversas aplica\u00e7\u00f5es. Quer necessite de ferramentas para constru\u00e7\u00e3o, manuten\u00e7\u00e3o, repara\u00e7\u00e3o ou fabrico, temos o que procura. O nosso cat\u00e1logo inclui:  <\/p>\t\t\t\t\t\t\t\t<\/div>\n\t\t\t\t<\/div>\n\t\t\t\t<section class=\"elementor-section elementor-inner-section elementor-element elementor-element-30fa17c elementor-section-boxed elementor-section-height-default elementor-section-height-default\" data-id=\"30fa17c\" data-element_type=\"section\" data-e-type=\"section\" data-settings=\"{&quot;background_background&quot;:&quot;classic&quot;}\">\n\t\t\t\t\t\t<div class=\"elementor-container elementor-column-gap-default\">\n\t\t\t\t\t<div class=\"elementor-column elementor-col-50 elementor-inner-column elementor-element elementor-element-0e8e305\" data-id=\"0e8e305\" data-element_type=\"column\" data-e-type=\"column\">\n\t\t\t<div class=\"elementor-widget-wrap elementor-element-populated\">\n\t\t\t\t\t\t<div class=\"elementor-element elementor-element-0ff1c9e centrar elementor-widget elementor-widget-shortcode\" data-id=\"0ff1c9e\" data-element_type=\"widget\" data-e-type=\"widget\" data-widget_type=\"shortcode.default\">\n\t\t\t\t<div class=\"elementor-widget-container\">\n\t\t\t\t\t\t\t<div class=\"elementor-shortcode\"><div class=\"_df_thumb \" id=\"df_3502\"  _slug=\"herramientas\" data-title=\"herramientas\" wpoptions=\"true\" thumb=\"https:\/\/jst.es\/wp-content\/uploads\/2025\/06\/herramientas-scaled.jpg\" thumbtype=\"\" >Herramientas<\/div><script class=\"df-shortcode-script\" nowprocket type=\"application\/javascript\">window.option_df_3502 = {\"webgl\":\"true\",\"outline\":[],\"hard\":\"cover\",\"autoEnableOutline\":\"false\",\"autoEnableThumbnail\":\"false\",\"overwritePDFOutline\":\"false\",\"direction\":\"1\",\"pageSize\":\"0\",\"singlePageMode\":\"1\",\"source\":\"http:\\\/\\\/jst.es\\\/wp-content\\\/uploads\\\/2025\\\/06\\\/7.-HERRAMIENTAS.pdf\",\"wpOptions\":\"true\"}; if(window.DFLIP && window.DFLIP.parseBooks){window.DFLIP.parseBooks();}<\/script><\/div>\n\t\t\t\t\t\t<\/div>\n\t\t\t\t<\/div>\n\t\t\t\t<div class=\"elementor-element elementor-element-665def7 elementor-widget elementor-widget-heading\" data-id=\"665def7\" data-element_type=\"widget\" data-e-type=\"widget\" data-widget_type=\"heading.default\">\n\t\t\t\t<div class=\"elementor-widget-container\">\n\t\t\t\t\t<p class=\"elementor-heading-title elementor-size-default\">Herramientas, prensas y <br>maquinaria Semiautom\u00e1tica<\/p>\t\t\t\t<\/div>\n\t\t\t\t<\/div>\n\t\t\t\t\t<\/div>\n\t\t<\/div>\n\t\t\t\t<div class=\"elementor-column elementor-col-50 elementor-inner-column elementor-element elementor-element-e0dfd6d\" data-id=\"e0dfd6d\" data-element_type=\"column\" data-e-type=\"column\">\n\t\t\t<div class=\"elementor-widget-wrap elementor-element-populated\">\n\t\t\t\t\t\t<div class=\"elementor-element elementor-element-7167042 centrar elementor-widget elementor-widget-shortcode\" data-id=\"7167042\" data-element_type=\"widget\" data-e-type=\"widget\" data-widget_type=\"shortcode.default\">\n\t\t\t\t<div class=\"elementor-widget-container\">\n\t\t\t\t\t\t\t<div class=\"elementor-shortcode\"><div class=\"_df_thumb \" id=\"df_3524\"  _slug=\"herramientas-electronica\" data-title=\"herramientas-electronica\" wpoptions=\"true\" thumb=\"https:\/\/jst.es\/wp-content\/uploads\/2025\/06\/herramientas-scaled.jpg\" thumbtype=\"\" >Herramientas Electr\u00f3nica<\/div><script class=\"df-shortcode-script\" nowprocket type=\"application\/javascript\">window.option_df_3524 = {\"outline\":[],\"autoEnableOutline\":\"false\",\"autoEnableThumbnail\":\"false\",\"overwritePDFOutline\":\"false\",\"direction\":\"1\",\"pageSize\":\"0\",\"source\":\"http:\\\/\\\/jst.es\\\/wp-content\\\/uploads\\\/2025\\\/06\\\/7-herramientas-electronica.pdf\",\"wpOptions\":\"true\"}; if(window.DFLIP && window.DFLIP.parseBooks){window.DFLIP.parseBooks();}<\/script><\/div>\n\t\t\t\t\t\t<\/div>\n\t\t\t\t<\/div>\n\t\t\t\t<div class=\"elementor-element elementor-element-f004dc9 elementor-widget elementor-widget-heading\" data-id=\"f004dc9\" data-element_type=\"widget\" data-e-type=\"widget\" data-widget_type=\"heading.default\">\n\t\t\t\t<div class=\"elementor-widget-container\">\n\t\t\t\t\t<p class=\"elementor-heading-title elementor-size-default\">Herramientas terminales<br> electr\u00f3nica<\/p>\t\t\t\t<\/div>\n\t\t\t\t<\/div>\n\t\t\t\t\t<\/div>\n\t\t<\/div>\n\t\t\t\t\t<\/div>\n\t\t<\/section>\n\t\t\t\t\t<\/div>\n\t\t<\/div>\n\t\t\t\t\t<\/div>\n\t\t<\/section>\n\t\t\t\t<\/div>\n\t\t","protected":false},"excerpt":{"rendered":"<p>Na JST Equipos, especializamo-nos em oferecer uma vasta gama de m\u00e1quinas e ferramentas de alta qualidade, concebidas para satisfazer as necessidades de diversos setores industriais. A nossa miss\u00e3o \u00e9 fornecer solu\u00e7\u00f5es que n\u00e3o s\u00f3 impulsionem a sua produtividade, como tamb\u00e9m garantam a durabilidade e a efici\u00eancia nas suas opera\u00e7\u00f5es di\u00e1rias. Variedade de Ferramentas para Todas [&hellip;]<\/p>\n","protected":false},"author":1,"featured_media":0,"parent":0,"menu_order":0,"comment_status":"closed","ping_status":"closed","template":"elementor_header_footer","meta":{"_acf_changed":false,"footnotes":""},"class_list":["post-6232","page","type-page","status-publish","hentry"],"acf":[],"yoast_head":"<!-- This site is optimized with the Yoast SEO plugin v27.2 - https:\/\/yoast.com\/product\/yoast-seo-wordpress\/ -->\n<title>Ferramentas JST | Crimpagem e montagem de conectores<\/title>\n<meta name=\"description\" content=\"Cat\u00e1logo de ferramentas JST para crimpagem e montagem de conectores. Orienta\u00e7\u00f5es t\u00e9cnicas e solu\u00e7\u00f5es profissionais da JST Espanha.\" \/>\n<meta name=\"robots\" content=\"index, follow, max-snippet:-1, max-image-preview:large, max-video-preview:-1\" \/>\n<link rel=\"canonical\" href=\"https:\/\/jst.es\/pt-pt\/ferramentas\/\" \/>\n<meta property=\"og:locale\" content=\"pt_PT\" \/>\n<meta property=\"og:type\" content=\"article\" \/>\n<meta property=\"og:title\" content=\"Ferramentas JST | Crimpagem e montagem de conectores\" \/>\n<meta property=\"og:description\" content=\"Cat\u00e1logo de ferramentas JST para crimpagem e montagem de conectores. Orienta\u00e7\u00f5es t\u00e9cnicas e solu\u00e7\u00f5es profissionais da JST Espanha.\" \/>\n<meta property=\"og:url\" content=\"https:\/\/jst.es\/pt-pt\/ferramentas\/\" \/>\n<meta property=\"og:site_name\" content=\"JST\" \/>\n<meta property=\"article:modified_time\" content=\"2026-01-28T09:01:43+00:00\" \/>\n<meta name=\"twitter:card\" content=\"summary_large_image\" \/>\n<meta name=\"twitter:label1\" content=\"Tempo estimado de leitura\" \/>\n\t<meta name=\"twitter:data1\" content=\"1 minuto\" \/>\n<script type=\"application\/ld+json\" class=\"yoast-schema-graph\">{\"@context\":\"https:\/\/schema.org\",\"@graph\":[{\"@type\":\"WebPage\",\"@id\":\"https:\/\/jst.es\/pt-pt\/ferramentas\/\",\"url\":\"https:\/\/jst.es\/pt-pt\/ferramentas\/\",\"name\":\"Ferramentas JST | Crimpagem e montagem de conectores\",\"isPartOf\":{\"@id\":\"https:\/\/jst.es\/#website\"},\"datePublished\":\"2025-06-10T14:44:29+00:00\",\"dateModified\":\"2026-01-28T09:01:43+00:00\",\"description\":\"Cat\u00e1logo de ferramentas JST para crimpagem e montagem de conectores. Orienta\u00e7\u00f5es t\u00e9cnicas e solu\u00e7\u00f5es profissionais da JST Espanha.\",\"breadcrumb\":{\"@id\":\"https:\/\/jst.es\/pt-pt\/ferramentas\/#breadcrumb\"},\"inLanguage\":\"pt-PT\",\"potentialAction\":[{\"@type\":\"ReadAction\",\"target\":[\"https:\/\/jst.es\/pt-pt\/ferramentas\/\"]}]},{\"@type\":\"BreadcrumbList\",\"@id\":\"https:\/\/jst.es\/pt-pt\/ferramentas\/#breadcrumb\",\"itemListElement\":[{\"@type\":\"ListItem\",\"position\":1,\"name\":\"Portada\",\"item\":\"https:\/\/jst.es\/pt-pt\/inicio\/\"},{\"@type\":\"ListItem\",\"position\":2,\"name\":\"Ferramentas\"}]},{\"@type\":\"WebSite\",\"@id\":\"https:\/\/jst.es\/#website\",\"url\":\"https:\/\/jst.es\/\",\"name\":\"JST\",\"description\":\"Soluciones tecnol\u00f3gicas a medida\",\"publisher\":{\"@id\":\"https:\/\/jst.es\/#organization\"},\"potentialAction\":[{\"@type\":\"SearchAction\",\"target\":{\"@type\":\"EntryPoint\",\"urlTemplate\":\"https:\/\/jst.es\/?s={search_term_string}\"},\"query-input\":{\"@type\":\"PropertyValueSpecification\",\"valueRequired\":true,\"valueName\":\"search_term_string\"}}],\"inLanguage\":\"pt-PT\"},{\"@type\":\"Organization\",\"@id\":\"https:\/\/jst.es\/#organization\",\"name\":\"JST\",\"url\":\"https:\/\/jst.es\/\",\"logo\":{\"@type\":\"ImageObject\",\"inLanguage\":\"pt-PT\",\"@id\":\"https:\/\/jst.es\/#\/schema\/logo\/image\/\",\"url\":\"https:\/\/jst.es\/wp-content\/uploads\/2025\/05\/logo-jst.png\",\"contentUrl\":\"https:\/\/jst.es\/wp-content\/uploads\/2025\/05\/logo-jst.png\",\"width\":250,\"height\":77,\"caption\":\"JST\"},\"image\":{\"@id\":\"https:\/\/jst.es\/#\/schema\/logo\/image\/\"}}]}<\/script>\n<!-- \/ Yoast SEO plugin. -->","yoast_head_json":{"title":"Ferramentas JST | Crimpagem e montagem de conectores","description":"Cat\u00e1logo de ferramentas JST para crimpagem e montagem de conectores. Orienta\u00e7\u00f5es t\u00e9cnicas e solu\u00e7\u00f5es profissionais da JST Espanha.","robots":{"index":"index","follow":"follow","max-snippet":"max-snippet:-1","max-image-preview":"max-image-preview:large","max-video-preview":"max-video-preview:-1"},"canonical":"https:\/\/jst.es\/pt-pt\/ferramentas\/","og_locale":"pt_PT","og_type":"article","og_title":"Ferramentas JST | Crimpagem e montagem de conectores","og_description":"Cat\u00e1logo de ferramentas JST para crimpagem e montagem de conectores. Orienta\u00e7\u00f5es t\u00e9cnicas e solu\u00e7\u00f5es profissionais da JST Espanha.","og_url":"https:\/\/jst.es\/pt-pt\/ferramentas\/","og_site_name":"JST","article_modified_time":"2026-01-28T09:01:43+00:00","twitter_card":"summary_large_image","twitter_misc":{"Tempo estimado de leitura":"1 minuto"},"schema":{"@context":"https:\/\/schema.org","@graph":[{"@type":"WebPage","@id":"https:\/\/jst.es\/pt-pt\/ferramentas\/","url":"https:\/\/jst.es\/pt-pt\/ferramentas\/","name":"Ferramentas JST | Crimpagem e montagem de conectores","isPartOf":{"@id":"https:\/\/jst.es\/#website"},"datePublished":"2025-06-10T14:44:29+00:00","dateModified":"2026-01-28T09:01:43+00:00","description":"Cat\u00e1logo de ferramentas JST para crimpagem e montagem de conectores. Orienta\u00e7\u00f5es t\u00e9cnicas e solu\u00e7\u00f5es profissionais da JST Espanha.","breadcrumb":{"@id":"https:\/\/jst.es\/pt-pt\/ferramentas\/#breadcrumb"},"inLanguage":"pt-PT","potentialAction":[{"@type":"ReadAction","target":["https:\/\/jst.es\/pt-pt\/ferramentas\/"]}]},{"@type":"BreadcrumbList","@id":"https:\/\/jst.es\/pt-pt\/ferramentas\/#breadcrumb","itemListElement":[{"@type":"ListItem","position":1,"name":"Portada","item":"https:\/\/jst.es\/pt-pt\/inicio\/"},{"@type":"ListItem","position":2,"name":"Ferramentas"}]},{"@type":"WebSite","@id":"https:\/\/jst.es\/#website","url":"https:\/\/jst.es\/","name":"JST","description":"Soluciones tecnol\u00f3gicas a medida","publisher":{"@id":"https:\/\/jst.es\/#organization"},"potentialAction":[{"@type":"SearchAction","target":{"@type":"EntryPoint","urlTemplate":"https:\/\/jst.es\/?s={search_term_string}"},"query-input":{"@type":"PropertyValueSpecification","valueRequired":true,"valueName":"search_term_string"}}],"inLanguage":"pt-PT"},{"@type":"Organization","@id":"https:\/\/jst.es\/#organization","name":"JST","url":"https:\/\/jst.es\/","logo":{"@type":"ImageObject","inLanguage":"pt-PT","@id":"https:\/\/jst.es\/#\/schema\/logo\/image\/","url":"https:\/\/jst.es\/wp-content\/uploads\/2025\/05\/logo-jst.png","contentUrl":"https:\/\/jst.es\/wp-content\/uploads\/2025\/05\/logo-jst.png","width":250,"height":77,"caption":"JST"},"image":{"@id":"https:\/\/jst.es\/#\/schema\/logo\/image\/"}}]}},"_links":{"self":[{"href":"https:\/\/jst.es\/pt-pt\/wp-json\/wp\/v2\/pages\/6232","targetHints":{"allow":["GET"]}}],"collection":[{"href":"https:\/\/jst.es\/pt-pt\/wp-json\/wp\/v2\/pages"}],"about":[{"href":"https:\/\/jst.es\/pt-pt\/wp-json\/wp\/v2\/types\/page"}],"author":[{"embeddable":true,"href":"https:\/\/jst.es\/pt-pt\/wp-json\/wp\/v2\/users\/1"}],"replies":[{"embeddable":true,"href":"https:\/\/jst.es\/pt-pt\/wp-json\/wp\/v2\/comments?post=6232"}],"version-history":[{"count":3,"href":"https:\/\/jst.es\/pt-pt\/wp-json\/wp\/v2\/pages\/6232\/revisions"}],"predecessor-version":[{"id":54992,"href":"https:\/\/jst.es\/pt-pt\/wp-json\/wp\/v2\/pages\/6232\/revisions\/54992"}],"wp:attachment":[{"href":"https:\/\/jst.es\/pt-pt\/wp-json\/wp\/v2\/media?parent=6232"}],"curies":[{"name":"wp","href":"https:\/\/api.w.org\/{rel}","templated":true}]}}